{"id":982,"date":"2018-12-01T14:04:28","date_gmt":"2018-12-01T14:04:28","guid":{"rendered":"https:\/\/ifis-iz.com\/product\/spiritualitaet-in-religion-und-kultur"},"modified":"2025-03-23T21:53:51","modified_gmt":"2025-03-23T19:53:51","slug":"spiritualitaet-in-religion-und-kultur","status":"publish","type":"product","link":"https:\/\/www.ifis-iz.com\/tr\/urun\/spiritualitaet-in-religion-und-kultur","title":{"rendered":"Spiritualit\u00e4t in Religion und Kultur"},"content":{"rendered":"<p>Prof. Dr. H\u00fcseyin \u0130lker \u00c7\u0131nar ve Prof. Dr. Dr. Raif Georges Khoury\u2019nin edit\u00f6rl\u00fc\u011f\u00fcn\u00fc \u00fcstlendi\u011fi kitap, \u201cDin ve K\u00fclt\u00fcrde Maneviyat\u201d konulu uluslararas\u0131 sempozyumun bildirilerinden olu\u015fmaktad\u0131r. S\u00f6z konusu eser, ayn\u0131 zamanda \u0130F\u0130S&amp;\u0130Z\u2019in yay\u0131n faaliyetlerinin ba\u015flang\u0131c\u0131n\u0131 te\u015fkil etmektedir. KUDEM taraf\u0131ndan desteklenen ve yo\u011fun ilgi g\u00f6ren bu sempozyum, dokuz farkl\u0131 \u00fclkeden alan\u0131nda uzman k\u0131rk\u0131 a\u015fk\u0131n bilim adamlar\u0131n\u0131n kat\u0131l\u0131mlar\u0131yla ger\u00e7ekle\u015fmi\u015fti.<\/p>\n<p>Telif edilen bu eserimizin i\u00e7eri\u011fi, S\u00fcleyman Uluda\u011f, Edmund Weber, Miklos Muranyi, Merdan G\u00fcne\u015f, Georges Hobeika,Mariette Fayad, Mevl\u00fct G\u00fcng\u00f6r, Concepci\u00f3n Castillo Castillo, Dirk Ansorge, Hassan Majeed Alobaidy, Krzysztof Ko\u015bcielniak, H\u00fcseyin Ya\u015far gibi Do\u011fu ve Bat\u0131 ilim d\u00fcnyas\u0131ndan yirminin \u00fczerinde akedemisyenin konuyu ayd\u0131nlat\u0131c\u0131 tebli\u011f metinlerinden olu\u015fmaktad\u0131r.<\/p>\n","protected":false},"excerpt":{"rendered":"<p>Telif edilen bu eserimizin i\u00e7eri\u011fi, S\u00fcleyman Uluda\u011f, Edmund Weber, Miklos Muranyi, Merdan G\u00fcne\u015f, Georges Hobeika,Mariette Fayad, Mevl\u00fct G\u00fcng\u00f6r, Concepci\u00f3n Castillo Castillo, Dirk Ansorge, Hassan Majeed Alobaidy, Krzysztof Ko\u015bcielniak, H\u00fcseyin Ya\u015far gibi Do\u011fu ve Bat\u0131 ilim d\u00fcnyas\u0131ndan yirminin \u00fczerinde akedemisyenin konuyu ayd\u0131nlat\u0131c\u0131 tebli\u011f metinlerinden olu\u015fmaktad\u0131r.<\/p>\n[elementor-template id=\"1898\"]\n","protected":false},"featured_media":979,"template":"","meta":[],"product_brand":[],"product_cat":[28],"product_tag":[],"class_list":{"0":"post-982","1":"product","2":"type-product","3":"status-publish","4":"has-post-thumbnail","6":"product_cat-genel","8":"first","9":"instock","10":"shipping-taxable","11":"purchasable","12":"product-type-simple"},"_links":{"self":[{"href":"https:\/\/www.ifis-iz.com\/tr\/wp-json\/wp\/v2\/product\/982","targetHints":{"allow":["GET"]}}],"collection":[{"href":"https:\/\/www.ifis-iz.com\/tr\/wp-json\/wp\/v2\/product"}],"about":[{"href":"https:\/\/www.ifis-iz.com\/tr\/wp-json\/wp\/v2\/types\/product"}],"version-history":[{"count":1,"href":"https:\/\/www.ifis-iz.com\/tr\/wp-json\/wp\/v2\/product\/982\/revisions"}],"predecessor-version":[{"id":8595,"href":"https:\/\/www.ifis-iz.com\/tr\/wp-json\/wp\/v2\/product\/982\/revisions\/8595"}],"wp:featuredmedia":[{"embeddable":true,"href":"https:\/\/www.ifis-iz.com\/tr\/wp-json\/wp\/v2\/media\/979"}],"wp:attachment":[{"href":"https:\/\/www.ifis-iz.com\/tr\/wp-json\/wp\/v2\/media?parent=982"}],"wp:term":[{"taxonomy":"product_brand","embeddable":true,"href":"https:\/\/www.ifis-iz.com\/tr\/wp-json\/wp\/v2\/product_brand?post=982"},{"taxonomy":"product_cat","embeddable":true,"href":"https:\/\/www.ifis-iz.com\/tr\/wp-json\/wp\/v2\/product_cat?post=982"},{"taxonomy":"product_tag","embeddable":true,"href":"https:\/\/www.ifis-iz.com\/tr\/wp-json\/wp\/v2\/product_tag?post=982"}],"curies":[{"name":"wp","href":"https:\/\/api.w.org\/{rel}","templated":true}]}}