{"id":91,"date":"2022-09-07T20:12:33","date_gmt":"2022-09-07T18:12:33","guid":{"rendered":"https:\/\/ifis-iz.com\/almanyada-din-ve-finans"},"modified":"2022-11-24T19:15:47","modified_gmt":"2022-11-24T17:15:47","slug":"almanyada-din-ve-finans","status":"publish","type":"page","link":"https:\/\/www.ifis-iz.com\/tr\/etkinlikler\/almanyada-din-ve-finans","title":{"rendered":"Almanya\u2019da Din ve Finans"},"content":{"rendered":"\t\t<div data-elementor-type=\"wp-page\" data-elementor-id=\"91\" class=\"elementor elementor-91 elementor-83\" data-elementor-post-type=\"page\">\n\t\t\t\t\t\t<section class=\"elementor-section elementor-top-section elementor-element elementor-element-730aacfb elementor-section-content-middle elementor-section-boxed elementor-section-height-default elementor-section-height-default\" data-id=\"730aacfb\" data-element_type=\"section\" data-e-type=\"section\" data-settings=\"{&quot;background_background&quot;:&quot;classic&quot;}\">\n\t\t\t\t\t\t\t<div class=\"elementor-background-overlay\"><\/div>\n\t\t\t\t\t\t\t<div class=\"elementor-container elementor-column-gap-no\">\n\t\t\t\t\t<div class=\"elementor-column elementor-col-100 elementor-top-column elementor-element elementor-element-73dffd43\" data-id=\"73dffd43\" data-element_type=\"column\" data-e-type=\"column\">\n\t\t\t<div class=\"elementor-widget-wrap elementor-element-populated\">\n\t\t\t\t\t\t<div class=\"elementor-element elementor-element-6879acb0 elementor-widget elementor-widget-spacer\" data-id=\"6879acb0\" data-element_type=\"widget\" data-e-type=\"widget\" data-widget_type=\"spacer.default\">\n\t\t\t\t<div class=\"elementor-widget-container\">\n\t\t\t\t\t\t\t<div class=\"elementor-spacer\">\n\t\t\t<div class=\"elementor-spacer-inner\"><\/div>\n\t\t<\/div>\n\t\t\t\t\t\t<\/div>\n\t\t\t\t<\/div>\n\t\t\t\t\t<\/div>\n\t\t<\/div>\n\t\t\t\t\t<\/div>\n\t\t<\/section>\n\t\t\t\t<section class=\"elementor-section elementor-top-section elementor-element elementor-element-6c93ae57 elementor-section-boxed elementor-section-height-default elementor-section-height-default\" data-id=\"6c93ae57\" data-element_type=\"section\" data-e-type=\"section\">\n\t\t\t\t\t\t<div class=\"elementor-container elementor-column-gap-default\">\n\t\t\t\t\t<div class=\"elementor-column elementor-col-100 elementor-top-column elementor-element elementor-element-69abccf7\" data-id=\"69abccf7\" data-element_type=\"column\" data-e-type=\"column\">\n\t\t\t<div class=\"elementor-widget-wrap elementor-element-populated\">\n\t\t\t\t\t\t<div class=\"elementor-element elementor-element-5cf7e2b2 elementor-widget elementor-widget-text-editor\" data-id=\"5cf7e2b2\" data-element_type=\"widget\" data-e-type=\"widget\" data-widget_type=\"text-editor.default\">\n\t\t\t\t<div class=\"elementor-widget-container\">\n\t\t\t\t\t\t\t\t\t\u0130F\u0130S&amp;\u0130Z uluslararas\u0131 bilim insanlar\u0131 ve uzmanlar\u0131n kat\u0131l\u0131m\u0131yla \u201eAlmanya\u2019da Din ve Finans\u201d konulu ilm\u00ee konferans d\u00fczenledi\t\t\t\t\t\t\t\t<\/div>\n\t\t\t\t<\/div>\n\t\t\t\t<div class=\"elementor-element elementor-element-5eb570dd elementor-widget elementor-widget-text-editor\" data-id=\"5eb570dd\" data-element_type=\"widget\" data-e-type=\"widget\" data-widget_type=\"text-editor.default\">\n\t\t\t\t<div class=\"elementor-widget-container\">\n\t\t\t\t\t\t\t\t\tK\u0131sa ad\u0131 \u0130F\u0130S&amp;\u0130Z olan \u0130slam\u00ee Ara\u015ft\u0131rmalar ve K\u00fclt\u00fcrleraras\u0131 \u0130\u015fbirli\u011fi Enstit\u00fcs\u00fc 4 May\u0131s 2018 tarihinde \u201eAlmanya\u2019da Din ve Finans\u201c konusuna ili\u015fkin uluslararas\u0131 konferans d\u00fczenledi. Alan\u0131n\u0131n \u00f6nde gelen bankac\u0131 ve ekonomisyenlerinin, hukuk ve etik uzmanlar\u0131n\u0131n yan\u0131 s\u0131ra resm\u00ee denetleme kurumu ile farkl\u0131 kurulu\u015flar\u0131n temsilcilerinin bir araya geldi\u011fi bilimsel toplant\u0131da inan\u00e7 sistemlerinin modern ekonomilere olan etkileri masaya yat\u0131r\u0131ld\u0131. Konusu interdisipliner \u00f6zelli\u011fe sahip olan ve Avrupa M\u00fcsl\u00fcmanlar\u0131 K\u00fclt\u00fcrevi (KUDEM) ile KT Bank AG taraf\u0131ndan desteklenen toplant\u0131, \u0130F\u0130S&amp;\u0130Z\u2019in kurucu ba\u015fkan\u0131, ev sahibi Prof. Dr. H\u00fcseyin \u0130lker \u00c7\u0131nar\u2019\u0131n selamlama konu\u015fmas\u0131yla ba\u015flad\u0131. A\u00e7\u0131l\u0131\u015f konu\u015fmas\u0131nda \u0130sl\u00e2m ekonomisinin ve finans sisteminin teolojik esaslar\u0131na de\u011finen Prof. Dr. \u00c7\u0131nar, d\u00een\u00ee metinlerin yanl\u0131\u015f anla\u015f\u0131l\u0131p yorumlanmas\u0131n\u0131n \u00f6n\u00fcne ge\u00e7ilmesi ad\u0131na yaln\u0131zca il\u00e2hiy\u00e2t ve ekonomi bilim dallar\u0131yla yetinilmeyip di\u011fer ilim dallar\u0131n\u0131n da dikkate al\u0131nmas\u0131 gerekti\u011fini vurgulad\u0131. \u0130htiyac\u0131n h\u00e2s\u0131l olmas\u0131 ve \u015fartlar\u0131n yerine gelmesi halinde ilm\u00ee yetkinli\u011fe sahip ilim adamlar\u0131n\u0131n us\u00fbl\u00fcnce ictihadda bulunmalar\u0131n\u0131n \u015fart olup \u0130sl\u00e2m fikir tarihinde \u00f6nemli bir yeri olan tecd\u00eedin g\u00f6z ard\u0131 edilmemesi gerekti\u011fini ifade eden Prof. Dr. \u00c7\u0131nar, bu y\u00f6ntemle hukukun geli\u015fmesine ve yanl\u0131\u015f anlamalar\u0131n d\u00fczeltilmesine katk\u0131 sa\u011flanaca\u011f\u0131n\u0131 dile getirdi.\t\t\t\t\t\t\t\t<\/div>\n\t\t\t\t<\/div>\n\t\t\t\t\t<\/div>\n\t\t<\/div>\n\t\t\t\t\t<\/div>\n\t\t<\/section>\n\t\t\t\t<section class=\"elementor-section elementor-top-section elementor-element elementor-element-4cc1f223 elementor-section-content-middle elementor-section-boxed elementor-section-height-default elementor-section-height-default\" data-id=\"4cc1f223\" data-element_type=\"section\" data-e-type=\"section\">\n\t\t\t\t\t\t<div class=\"elementor-container elementor-column-gap-no\">\n\t\t\t\t\t<div class=\"elementor-column elementor-col-100 elementor-top-column elementor-element elementor-element-73b0886f\" data-id=\"73b0886f\" data-element_type=\"column\" data-e-type=\"column\">\n\t\t\t<div class=\"elementor-widget-wrap elementor-element-populated\">\n\t\t\t\t\t\t<div class=\"elementor-element elementor-element-7000dc18 elementor-skin-slideshow elementor-arrows-yes elementor-widget elementor-widget-media-carousel\" data-id=\"7000dc18\" data-element_type=\"widget\" data-e-type=\"widget\" data-settings=\"{&quot;space_between&quot;:{&quot;unit&quot;:&quot;px&quot;,&quot;size&quot;:21,&quot;sizes&quot;:[]},&quot;skin&quot;:&quot;slideshow&quot;,&quot;effect&quot;:&quot;slide&quot;,&quot;show_arrows&quot;:&quot;yes&quot;,&quot;speed&quot;:500,&quot;autoplay&quot;:&quot;yes&quot;,&quot;autoplay_speed&quot;:5000,&quot;loop&quot;:&quot;yes&quot;,&quot;pause_on_hover&quot;:&quot;yes&quot;,&quot;pause_on_interaction&quot;:&quot;yes&quot;,&quot;space_between_tablet&quot;:{&quot;unit&quot;:&quot;px&quot;,&quot;size&quot;:10,&quot;sizes&quot;:[]},&quot;space_between_mobile&quot;:{&quot;unit&quot;:&quot;px&quot;,&quot;size&quot;:10,&quot;sizes&quot;:[]}}\" data-widget_type=\"media-carousel.default\">\n\t\t\t\t<div class=\"elementor-widget-container\">\n\t\t\t\t\t\t\t\t\t<div class=\"elementor-swiper\">\n\t\t\t\t\t<div class=\"elementor-main-swiper swiper\" role=\"region\" aria-roledescription=\"carousel\" aria-label=\"Slides\">\n\t\t\t\t<div class=\"swiper-wrapper\">\n\t\t\t\t\t\t\t\t\t\t\t<div class=\"swiper-slide\" role=\"group\" aria-roledescription=\"slide\">\n\t\t\t\t\t\t\t\t\t<div class=\"elementor-carousel-image\" role=\"img\" aria-label=\"\" style=\"background-image: url(&#039;https:\/\/www.ifis-iz.com\/wp-content\/uploads\/2022\/09\/ifis-iz_religion_finanzen_26.jpg&#039;)\">\n\n\t\t\t\n\t\t\t\t\t<\/div>\n\t\t\t\t\t\t\t\t<\/div>\n\t\t\t\t\t\t\t\t\t\t\t<div class=\"swiper-slide\" role=\"group\" aria-roledescription=\"slide\">\n\t\t\t\t\t\t\t\t\t<div class=\"elementor-carousel-image\" role=\"img\" aria-label=\"\" style=\"background-image: url(&#039;https:\/\/www.ifis-iz.com\/wp-content\/uploads\/2022\/09\/ifis-iz_religion_finanzen_32.jpg&#039;)\">\n\n\t\t\t\n\t\t\t\t\t<\/div>\n\t\t\t\t\t\t\t\t<\/div>\n\t\t\t\t\t\t\t\t\t\t\t<div class=\"swiper-slide\" role=\"group\" aria-roledescription=\"slide\">\n\t\t\t\t\t\t\t\t\t<div class=\"elementor-carousel-image\" role=\"img\" aria-label=\"\" style=\"background-image: url(&#039;https:\/\/www.ifis-iz.com\/wp-content\/uploads\/2022\/09\/ifis-iz_religion_finanzen_36.jpg&#039;)\">\n\n\t\t\t\n\t\t\t\t\t<\/div>\n\t\t\t\t\t\t\t\t<\/div>\n\t\t\t\t\t\t\t\t\t\t\t<div class=\"swiper-slide\" role=\"group\" aria-roledescription=\"slide\">\n\t\t\t\t\t\t\t\t\t<div class=\"elementor-carousel-image\" role=\"img\" aria-label=\"\" style=\"background-image: url(&#039;https:\/\/www.ifis-iz.com\/wp-content\/uploads\/2022\/09\/ifis-iz_religion_finanzen_27.jpg&#039;)\">\n\n\t\t\t\n\t\t\t\t\t<\/div>\n\t\t\t\t\t\t\t\t<\/div>\n\t\t\t\t\t\t\t\t\t\t\t<div class=\"swiper-slide\" role=\"group\" aria-roledescription=\"slide\">\n\t\t\t\t\t\t\t\t\t<div class=\"elementor-carousel-image\" role=\"img\" aria-label=\"\" style=\"background-image: url(&#039;https:\/\/www.ifis-iz.com\/wp-content\/uploads\/2022\/09\/ifis-iz_religion_finanzen_3.jpg&#039;)\">\n\n\t\t\t\n\t\t\t\t\t<\/div>\n\t\t\t\t\t\t\t\t<\/div>\n\t\t\t\t\t\t\t\t\t\t\t<div class=\"swiper-slide\" role=\"group\" aria-roledescription=\"slide\">\n\t\t\t\t\t\t\t\t\t<div class=\"elementor-carousel-image\" role=\"img\" aria-label=\"\" style=\"background-image: url(&#039;https:\/\/www.ifis-iz.com\/wp-content\/uploads\/2022\/09\/ifis-iz_religion_finanzen_11.jpg&#039;)\">\n\n\t\t\t\n\t\t\t\t\t<\/div>\n\t\t\t\t\t\t\t\t<\/div>\n\t\t\t\t\t\t\t\t\t\t\t<div class=\"swiper-slide\" role=\"group\" aria-roledescription=\"slide\">\n\t\t\t\t\t\t\t\t\t<div class=\"elementor-carousel-image\" role=\"img\" aria-label=\"\" style=\"background-image: url(&#039;https:\/\/www.ifis-iz.com\/wp-content\/uploads\/2022\/09\/ifis-iz_religion_finanzen_8.jpg&#039;)\">\n\n\t\t\t\n\t\t\t\t\t<\/div>\n\t\t\t\t\t\t\t\t<\/div>\n\t\t\t\t\t\t\t\t\t\t\t<div class=\"swiper-slide\" role=\"group\" aria-roledescription=\"slide\">\n\t\t\t\t\t\t\t\t\t<div class=\"elementor-carousel-image\" role=\"img\" aria-label=\"\" style=\"background-image: url(&#039;https:\/\/www.ifis-iz.com\/wp-content\/uploads\/2022\/09\/ifis-iz_religion_finanzen_9.jpg&#039;)\">\n\n\t\t\t\n\t\t\t\t\t<\/div>\n\t\t\t\t\t\t\t\t<\/div>\n\t\t\t\t\t\t\t\t\t\t\t<div class=\"swiper-slide\" role=\"group\" aria-roledescription=\"slide\">\n\t\t\t\t\t\t\t\t\t<div class=\"elementor-carousel-image\" role=\"img\" aria-label=\"\" style=\"background-image: url(&#039;https:\/\/www.ifis-iz.com\/wp-content\/uploads\/2022\/09\/ifis-iz_religion_finanzen_16.jpg&#039;)\">\n\n\t\t\t\n\t\t\t\t\t<\/div>\n\t\t\t\t\t\t\t\t<\/div>\n\t\t\t\t\t\t\t\t\t\t\t<div class=\"swiper-slide\" role=\"group\" aria-roledescription=\"slide\">\n\t\t\t\t\t\t\t\t\t<div class=\"elementor-carousel-image\" role=\"img\" aria-label=\"\" style=\"background-image: url(&#039;https:\/\/www.ifis-iz.com\/wp-content\/uploads\/2022\/09\/ifis-iz_religion_finanzen_2.jpg&#039;)\">\n\n\t\t\t\n\t\t\t\t\t<\/div>\n\t\t\t\t\t\t\t\t<\/div>\n\t\t\t\t\t\t\t\t\t\t\t<div class=\"swiper-slide\" role=\"group\" aria-roledescription=\"slide\">\n\t\t\t\t\t\t\t\t\t<div class=\"elementor-carousel-image\" role=\"img\" aria-label=\"\" style=\"background-image: url(&#039;https:\/\/www.ifis-iz.com\/wp-content\/uploads\/2022\/09\/ifis-iz_religion_finanzen_1.jpg&#039;)\">\n\n\t\t\t\n\t\t\t\t\t<\/div>\n\t\t\t\t\t\t\t\t<\/div>\n\t\t\t\t\t\t\t\t\t<\/div>\n\t\t\t\t\t\t\t\t\t\t\t\t\t\t\t<div class=\"elementor-swiper-button elementor-swiper-button-prev\" role=\"button\" tabindex=\"0\" aria-label=\"Previous\">\n\t\t\t\t\t\t\t<svg aria-hidden=\"true\" class=\"e-font-icon-svg e-eicon-chevron-left\" viewBox=\"0 0 1000 1000\" xmlns=\"http:\/\/www.w3.org\/2000\/svg\"><path d=\"M646 125C629 125 613 133 604 142L308 442C296 454 292 471 292 487 292 504 296 521 308 533L604 854C617 867 629 875 646 875 663 875 679 871 692 858 704 846 713 829 713 812 713 796 708 779 692 767L438 487 692 225C700 217 708 204 708 187 708 171 704 154 692 142 675 129 663 125 646 125Z\"><\/path><\/svg>\t\t\t\t\t\t<\/div>\n\t\t\t\t\t\t<div class=\"elementor-swiper-button elementor-swiper-button-next\" role=\"button\" tabindex=\"0\" aria-label=\"Next\">\n\t\t\t\t\t\t\t<svg aria-hidden=\"true\" class=\"e-font-icon-svg e-eicon-chevron-right\" viewBox=\"0 0 1000 1000\" xmlns=\"http:\/\/www.w3.org\/2000\/svg\"><path d=\"M696 533C708 521 713 504 713 487 713 471 708 454 696 446L400 146C388 133 375 125 354 125 338 125 325 129 313 142 300 154 292 171 292 187 292 204 296 221 308 233L563 492 304 771C292 783 288 800 288 817 288 833 296 850 308 863 321 871 338 875 354 875 371 875 388 867 400 854L696 533Z\"><\/path><\/svg>\t\t\t\t\t\t<\/div>\n\t\t\t\t\t\t\t\t\t\t\t\t\t\t\t\t\t<\/div>\n\t\t\t\t<\/div>\n\t\t\t\t\t\t\t\t<div class=\"elementor-swiper\">\n\t\t\t\t\t<div class=\"elementor-main-swiper swiper elementor-thumbnails-swiper swiper\" role=\"region region\" aria-roledescription=\"carousel carousel\" aria-label=\"Slides Slides\">\n\t\t\t\t<div class=\"swiper-wrapper\">\n\t\t\t\t\t\t\t\t\t\t\t<div class=\"swiper-slide\" role=\"group\" aria-roledescription=\"slide\">\n\t\t\t\t\t\t\t\t\t<div class=\"elementor-carousel-image\" role=\"img\" aria-label=\"\" style=\"background-image: url(&#039;https:\/\/www.ifis-iz.com\/wp-content\/uploads\/2022\/09\/ifis-iz_religion_finanzen_26.jpg&#039;)\">\n\n\t\t\t\n\t\t\t\t\t<\/div>\n\t\t\t\t\t\t\t\t<\/div>\n\t\t\t\t\t\t\t\t\t\t\t<div class=\"swiper-slide\" role=\"group\" aria-roledescription=\"slide\">\n\t\t\t\t\t\t\t\t\t<div class=\"elementor-carousel-image\" role=\"img\" aria-label=\"\" style=\"background-image: url(&#039;https:\/\/www.ifis-iz.com\/wp-content\/uploads\/2022\/09\/ifis-iz_religion_finanzen_32.jpg&#039;)\">\n\n\t\t\t\n\t\t\t\t\t<\/div>\n\t\t\t\t\t\t\t\t<\/div>\n\t\t\t\t\t\t\t\t\t\t\t<div class=\"swiper-slide\" role=\"group\" aria-roledescription=\"slide\">\n\t\t\t\t\t\t\t\t\t<div class=\"elementor-carousel-image\" role=\"img\" aria-label=\"\" style=\"background-image: url(&#039;https:\/\/www.ifis-iz.com\/wp-content\/uploads\/2022\/09\/ifis-iz_religion_finanzen_36.jpg&#039;)\">\n\n\t\t\t\n\t\t\t\t\t<\/div>\n\t\t\t\t\t\t\t\t<\/div>\n\t\t\t\t\t\t\t\t\t\t\t<div class=\"swiper-slide\" role=\"group\" aria-roledescription=\"slide\">\n\t\t\t\t\t\t\t\t\t<div class=\"elementor-carousel-image\" role=\"img\" aria-label=\"\" style=\"background-image: url(&#039;https:\/\/www.ifis-iz.com\/wp-content\/uploads\/2022\/09\/ifis-iz_religion_finanzen_27.jpg&#039;)\">\n\n\t\t\t\n\t\t\t\t\t<\/div>\n\t\t\t\t\t\t\t\t<\/div>\n\t\t\t\t\t\t\t\t\t\t\t<div class=\"swiper-slide\" role=\"group\" aria-roledescription=\"slide\">\n\t\t\t\t\t\t\t\t\t<div class=\"elementor-carousel-image\" role=\"img\" aria-label=\"\" style=\"background-image: url(&#039;https:\/\/www.ifis-iz.com\/wp-content\/uploads\/2022\/09\/ifis-iz_religion_finanzen_3.jpg&#039;)\">\n\n\t\t\t\n\t\t\t\t\t<\/div>\n\t\t\t\t\t\t\t\t<\/div>\n\t\t\t\t\t\t\t\t\t\t\t<div class=\"swiper-slide\" role=\"group\" aria-roledescription=\"slide\">\n\t\t\t\t\t\t\t\t\t<div class=\"elementor-carousel-image\" role=\"img\" aria-label=\"\" style=\"background-image: url(&#039;https:\/\/www.ifis-iz.com\/wp-content\/uploads\/2022\/09\/ifis-iz_religion_finanzen_11.jpg&#039;)\">\n\n\t\t\t\n\t\t\t\t\t<\/div>\n\t\t\t\t\t\t\t\t<\/div>\n\t\t\t\t\t\t\t\t\t\t\t<div class=\"swiper-slide\" role=\"group\" aria-roledescription=\"slide\">\n\t\t\t\t\t\t\t\t\t<div class=\"elementor-carousel-image\" role=\"img\" aria-label=\"\" style=\"background-image: url(&#039;https:\/\/www.ifis-iz.com\/wp-content\/uploads\/2022\/09\/ifis-iz_religion_finanzen_8.jpg&#039;)\">\n\n\t\t\t\n\t\t\t\t\t<\/div>\n\t\t\t\t\t\t\t\t<\/div>\n\t\t\t\t\t\t\t\t\t\t\t<div class=\"swiper-slide\" role=\"group\" aria-roledescription=\"slide\">\n\t\t\t\t\t\t\t\t\t<div class=\"elementor-carousel-image\" role=\"img\" aria-label=\"\" style=\"background-image: url(&#039;https:\/\/www.ifis-iz.com\/wp-content\/uploads\/2022\/09\/ifis-iz_religion_finanzen_9.jpg&#039;)\">\n\n\t\t\t\n\t\t\t\t\t<\/div>\n\t\t\t\t\t\t\t\t<\/div>\n\t\t\t\t\t\t\t\t\t\t\t<div class=\"swiper-slide\" role=\"group\" aria-roledescription=\"slide\">\n\t\t\t\t\t\t\t\t\t<div class=\"elementor-carousel-image\" role=\"img\" aria-label=\"\" style=\"background-image: url(&#039;https:\/\/www.ifis-iz.com\/wp-content\/uploads\/2022\/09\/ifis-iz_religion_finanzen_16.jpg&#039;)\">\n\n\t\t\t\n\t\t\t\t\t<\/div>\n\t\t\t\t\t\t\t\t<\/div>\n\t\t\t\t\t\t\t\t\t\t\t<div class=\"swiper-slide\" role=\"group\" aria-roledescription=\"slide\">\n\t\t\t\t\t\t\t\t\t<div class=\"elementor-carousel-image\" role=\"img\" aria-label=\"\" style=\"background-image: url(&#039;https:\/\/www.ifis-iz.com\/wp-content\/uploads\/2022\/09\/ifis-iz_religion_finanzen_2.jpg&#039;)\">\n\n\t\t\t\n\t\t\t\t\t<\/div>\n\t\t\t\t\t\t\t\t<\/div>\n\t\t\t\t\t\t\t\t\t\t\t<div class=\"swiper-slide\" role=\"group\" aria-roledescription=\"slide\">\n\t\t\t\t\t\t\t\t\t<div class=\"elementor-carousel-image\" role=\"img\" aria-label=\"\" style=\"background-image: url(&#039;https:\/\/www.ifis-iz.com\/wp-content\/uploads\/2022\/09\/ifis-iz_religion_finanzen_1.jpg&#039;)\">\n\n\t\t\t\n\t\t\t\t\t<\/div>\n\t\t\t\t\t\t\t\t<\/div>\n\t\t\t\t\t\t\t\t\t<\/div>\n\t\t\t\t\t\t\t\t\t\t\t\t\t\t\t\t\t\t\t\t\t<\/div>\n\t\t\t\t<\/div>\n\t\t\t\t\t\t\t\t<\/div>\n\t\t\t\t<\/div>\n\t\t\t\t\t<\/div>\n\t\t<\/div>\n\t\t\t\t\t<\/div>\n\t\t<\/section>\n\t\t\t\t<section class=\"elementor-section elementor-top-section elementor-element elementor-element-55a4ebcb elementor-section-boxed elementor-section-height-default elementor-section-height-default\" data-id=\"55a4ebcb\" data-element_type=\"section\" data-e-type=\"section\">\n\t\t\t\t\t\t<div class=\"elementor-container elementor-column-gap-default\">\n\t\t\t\t\t<div class=\"elementor-column elementor-col-100 elementor-top-column elementor-element elementor-element-7c9f219c\" data-id=\"7c9f219c\" data-element_type=\"column\" data-e-type=\"column\">\n\t\t\t<div class=\"elementor-widget-wrap elementor-element-populated\">\n\t\t\t\t\t\t<div class=\"elementor-element elementor-element-7ad4cb2e elementor-widget elementor-widget-text-editor\" data-id=\"7ad4cb2e\" data-element_type=\"widget\" data-e-type=\"widget\" data-widget_type=\"text-editor.default\">\n\t\t\t\t<div class=\"elementor-widget-container\">\n\t\t\t\t\t\t\t\t\tBilgi y\u00fckl\u00fc sunumunda \u00f6nemli hususlara dikkat \u00e7eken Durham \u00dcniversitesi \u0130slam Ekonomisi ve Finans\u0131 Merkezi Direkt\u00f6r\u00fc Prof. Dr. Mehmet Asutay, ahl\u00e2k\u00ee iktisad\u0131n kriter ve \u00f6zelliklerini tan\u0131tt\u0131. Bu konuya ili\u015fkin olarak huk\u00fbk\u00ee ve finansal unsurlar\u0131n yan\u0131nda \u201eyerle\u015fmi\u015f\u201c (embedded) olarak vas\u0131fland\u0131rd\u0131\u011f\u0131 ahl\u00e2k\u00ee ve etik de\u011ferlerin de belirleyici oldu\u011funu dile getirdi. Dr. Frauke Demuth \u201eAn Islamic Economy based on Rizq\u201c ba\u015fl\u0131kl\u0131 doktora \u00e7al\u0131\u015fmas\u0131n\u0131 tan\u0131t\u0131rken Malezya Tekaf\u00fcl Birli\u011fi Ba\u015fkan\u0131 Burhanuddin Bin Lukman ise Malezya\u2019n\u0131n M&amp;A konusundaki tecr\u00fcbelerini islam\u00ee perspektiften izah etti. Global ba\u011flamda \u0130slam iktisad\u0131na ili\u015fkin \u00f6nemli bilgiler aktaran Bochum Rhein-Ruhr \u00dcniversitesi \u00f6\u011fretim \u00fcyesi Prof. Dr. Volker Nienhaus, sunumunda konvansiyonel bankac\u0131l\u0131k ile d\u00een\u00ee-etik bankac\u0131l\u0131\u011f\u0131n\u0131n sahip olduklar\u0131 farkl\u0131 i\u015fletme modellerini mukayese etti. Konu\u015fmas\u0131nda h\u00e2lihaz\u0131rda yayg\u0131n olan finans modelleri ile islam\u00ee bankac\u0131l\u0131\u011f\u0131n ortak noktalar\u0131na de\u011finen Prof. Dr. Nienhaus, kendisinden \u00f6nce Hessen ve Nassau Protestan Kilisesi\u2019nin Sosyal Sorumluluk Merkezi M\u00fcd\u00fcr Yard\u0131mc\u0131s\u0131 Dr. Brigitte Bertelmann\u2019\u0131n da ayr\u0131nt\u0131l\u0131 olarak ele ald\u0131\u011f\u0131 din\u00ee-etik bankac\u0131l\u0131\u011f\u0131n\u0131n tecr\u00fcbe ve sisteminden istifade edilmesi \u00f6nerisinde bulundu. M\u00fcnster \u00dcniversitesi \u00f6\u011fretim \u00fcyesi Prof. Dr. Matthias Casper ve Almanya Fieldfisher LLP temsilcisi Dr. R\u00fcdiger Litten tematize edilen konular\u0131n huk\u00fbk\u00ee boyutlar\u0131n\u0131 ele al\u0131rken Almanya Federal Finansal Denetleme Kurumu (BaFin) temsilcisi Dr. Johannes Engels ise ilgili meseleleri denetim a\u00e7\u0131s\u0131ndan de\u011ferlendirdi. Bu ba\u011flamda Kuveyt T\u00fcrk Bankas\u0131 Genel M\u00fcd\u00fcr Yard\u0131mc\u0131s\u0131 Dr. Ru\u015fen Ahmet Albayrak yapm\u0131\u015f oldu\u011fu sunumda islam\u00ee bankac\u0131l\u0131\u011f\u0131n eko sistemini ve bu ba\u011flamdaki \u201estakeholder\u201c (payda\u015f) kuram\u0131n\u0131 irdeledi. \u0130sl\u00e2m\u00ee bankalar ve hus\u00fbs\u00ee olarak Almanya\u2019da aktif olan kurumlar hakk\u0131nda \u00f6nemli hususlara dikkat \u00e7eken T\u00fcrk-Alman \u0130\u015fverenler Derne\u011fi Ba\u015fkan\u0131 Ender \u00d6nder, i\u015fletme modeli yan\u0131nda sunulan \u00fcretimin de hayat\u0131n ger\u00e7eklerine ve ayn\u0131 zamanda i\u015fveren ve \u015fah\u0131slar\u0131n ihtiya\u00e7lar\u0131na uygun olarak \u015fekillenmesi gerekti\u011fini vurgulad\u0131. Almanca ve \u0130ngilizce dillerine yap\u0131lan e\u015fzamanl\u0131 \u00e7eviri ile ger\u00e7ekle\u015ftirilen bilimsel toplant\u0131, moderasyonunu Ali Aslan\u2019\u0131n \u00fcstlendi\u011fi ve sunumda bulunan baz\u0131 konu\u015fmac\u0131lar\u0131n kat\u0131ld\u0131\u011f\u0131 podyum tart\u0131\u015fmas\u0131yla sona erdi. \u0130F\u0130S&amp;\u0130Z, konferans kapsam\u0131nda sunulan bildirileri, m\u00fcstakil olarak haz\u0131rlanacak kitap \u015feklinde kamuoyunun istifadesine sunmay\u0131 planlamaktad\u0131r.\t\t\t\t\t\t\t\t<\/div>\n\t\t\t\t<\/div>\n\t\t\t\t\t<\/div>\n\t\t<\/div>\n\t\t\t\t\t<\/div>\n\t\t<\/section>\n\t\t\t\t<\/div>\n\t\t","protected":false},"excerpt":{"rendered":"<p>\u0130F\u0130S&amp;\u0130Z uluslararas\u0131 bilim insanlar\u0131 ve uzmanlar\u0131n kat\u0131l\u0131m\u0131yla \u201eAlmanya\u2019da Din ve Finans\u201d konulu ilm\u00ee konferans d\u00fczenlediK\u0131sa ad\u0131 \u0130F\u0130S&amp;\u0130Z olan \u0130slam\u00ee Ara\u015ft\u0131rmalar ve K\u00fclt\u00fcrleraras\u0131 \u0130\u015fbirli\u011fi Enstit\u00fcs\u00fc 4 May\u0131s 2018 tarihinde \u201eAlmanya\u2019da Din ve Finans\u201c konusuna ili\u015fkin uluslararas\u0131 konferans d\u00fczenledi. Alan\u0131n\u0131n \u00f6nde gelen bankac\u0131 ve ekonomisyenlerinin, hukuk ve etik uzmanlar\u0131n\u0131n yan\u0131 s\u0131ra resm\u00ee denetleme kurumu ile farkl\u0131 kurulu\u015flar\u0131n [&hellip;]<\/p>\n","protected":false},"author":1,"featured_media":84,"parent":97,"menu_order":0,"comment_status":"closed","ping_status":"closed","template":"","meta":{"footnotes":""},"class_list":["post-91","page","type-page","status-publish","has-post-thumbnail","hentry"],"_links":{"self":[{"href":"https:\/\/www.ifis-iz.com\/tr\/wp-json\/wp\/v2\/pages\/91","targetHints":{"allow":["GET"]}}],"collection":[{"href":"https:\/\/www.ifis-iz.com\/tr\/wp-json\/wp\/v2\/pages"}],"about":[{"href":"https:\/\/www.ifis-iz.com\/tr\/wp-json\/wp\/v2\/types\/page"}],"author":[{"embeddable":true,"href":"https:\/\/www.ifis-iz.com\/tr\/wp-json\/wp\/v2\/users\/1"}],"replies":[{"embeddable":true,"href":"https:\/\/www.ifis-iz.com\/tr\/wp-json\/wp\/v2\/comments?post=91"}],"version-history":[{"count":0,"href":"https:\/\/www.ifis-iz.com\/tr\/wp-json\/wp\/v2\/pages\/91\/revisions"}],"up":[{"embeddable":true,"href":"https:\/\/www.ifis-iz.com\/tr\/wp-json\/wp\/v2\/pages\/97"}],"wp:featuredmedia":[{"embeddable":true,"href":"https:\/\/www.ifis-iz.com\/tr\/wp-json\/wp\/v2\/media\/84"}],"wp:attachment":[{"href":"https:\/\/www.ifis-iz.com\/tr\/wp-json\/wp\/v2\/media?parent=91"}],"curies":[{"name":"wp","href":"https:\/\/api.w.org\/{rel}","templated":true}]}}