{"id":8250,"date":"2024-09-13T17:31:23","date_gmt":"2024-09-13T15:31:23","guid":{"rendered":"https:\/\/www.ifis-iz.com\/publications\/yayin-talebi\/docentlik-tezi"},"modified":"2024-10-07T13:55:45","modified_gmt":"2024-10-07T11:55:45","slug":"docentlik-tezi","status":"publish","type":"page","link":"https:\/\/www.ifis-iz.com\/tr\/publications\/yayin-talebi\/docentlik-tezi","title":{"rendered":"Do\u00e7entlik Tezi"},"content":{"rendered":"\t\t<div data-elementor-type=\"wp-page\" data-elementor-id=\"8250\" class=\"elementor elementor-8250 elementor-7075\" data-elementor-post-type=\"page\">\n\t\t\t\t\t\t<section class=\"elementor-section elementor-top-section elementor-element elementor-element-2ee20cc elementor-section-boxed elementor-section-height-default elementor-section-height-default\" data-id=\"2ee20cc\" data-element_type=\"section\" data-e-type=\"section\" data-settings=\"{&quot;background_background&quot;:&quot;classic&quot;}\">\n\t\t\t\t\t\t\t<div class=\"elementor-background-overlay\"><\/div>\n\t\t\t\t\t\t\t<div class=\"elementor-container elementor-column-gap-no\">\n\t\t\t\t\t<div class=\"elementor-column elementor-col-100 elementor-top-column elementor-element elementor-element-61a9319\" data-id=\"61a9319\" data-element_type=\"column\" data-e-type=\"column\">\n\t\t\t<div class=\"elementor-widget-wrap elementor-element-populated\">\n\t\t\t\t\t\t<div class=\"elementor-element elementor-element-433d561 elementor-widget elementor-widget-heading\" data-id=\"433d561\" data-element_type=\"widget\" data-e-type=\"widget\" data-widget_type=\"heading.default\">\n\t\t\t\t<div class=\"elementor-widget-container\">\n\t\t\t\t\t<h2 class=\"elementor-heading-title elementor-size-default\">Bir Do\u00e7entlik Tezi yay\u0131mlanmas\u0131 talebi<\/h2>\t\t\t\t<\/div>\n\t\t\t\t<\/div>\n\t\t\t\t<div class=\"elementor-element elementor-element-6ea88a9 elementor-widget elementor-widget-text-editor\" data-id=\"6ea88a9\" data-element_type=\"widget\" data-e-type=\"widget\" data-widget_type=\"text-editor.default\">\n\t\t\t\t<div class=\"elementor-widget-container\">\n\t\t\t\t\t\t\t\t\t<p>Do\u00e7entlik teziniz akademik kariyerinizdeki bir di\u011fer \u00f6nemli ad\u0131m\u0131 te\u015fkil etmektedir. Size \u00e7al\u0131\u015fman\u0131z\u0131 akademik camiada tan\u0131nan bir platformda yay\u0131mlama ve bu sayede geni\u015f bir okuyucu kitlesine ula\u015fma f\u0131rsat\u0131 sunuyoruz.<br \/>\n                                                                                                                                                                     Tamamlanm\u0131\u015f tasla\u011f\u0131n\u0131z\u0131 ya da \u00e7al\u0131\u015fman\u0131z hen\u00fcz son halini almad\u0131ysa nitelikli bir \u00f6zetini iletebilirsiniz. Bunun yan\u0131 s\u0131ra hacim (bo\u015fluklar dahil toplam karakter say\u0131s\u0131) ve planlanan g\u00f6rseller (foto\u011fraflar, diyagramlar, tablolar) hakk\u0131nda bilgi vermeniz gerekmektedir. Tahmini veriler de memnuniyetle kar\u015f\u0131lanacakt\u0131r.<\/p>\n\t\t\t\t\t\t\t\t<\/div>\n\t\t\t\t<\/div>\n\t\t\t\t\t<\/div>\n\t\t<\/div>\n\t\t\t\t\t<\/div>\n\t\t<\/section>\n\t\t<div class=\"elementor-element elementor-element-9fa1de7 e-con-full e-flex e-con e-parent\" data-id=\"9fa1de7\" data-element_type=\"container\" data-e-type=\"container\" data-settings=\"{&quot;background_background&quot;:&quot;classic&quot;}\">\n\t\t\t\t<div class=\"elementor-element elementor-element-13da8c8 elementor-view-stacked elementor-position-inline-start elementor-shape-circle elementor-mobile-position-block-start elementor-widget elementor-widget-icon-box\" data-id=\"13da8c8\" data-element_type=\"widget\" data-e-type=\"widget\" data-widget_type=\"icon-box.default\">\n\t\t\t\t<div class=\"elementor-widget-container\">\n\t\t\t\t\t\t\t<div class=\"elementor-icon-box-wrapper\">\n\n\t\t\t\t\t\t<div class=\"elementor-icon-box-icon\">\n\t\t\t\t<span  class=\"elementor-icon\">\n\t\t\t\t<svg aria-hidden=\"true\" class=\"e-font-icon-svg e-fab-wpforms\" viewBox=\"0 0 448 512\" xmlns=\"http:\/\/www.w3.org\/2000\/svg\"><path d=\"M448 75.2v361.7c0 24.3-19 43.2-43.2 43.2H43.2C19.3 480 0 461.4 0 436.8V75.2C0 51.1 18.8 32 43.2 32h361.7c24 0 43.1 18.8 43.1 43.2zm-37.3 361.6V75.2c0-3-2.6-5.8-5.8-5.8h-9.3L285.3 144 224 94.1 162.8 144 52.5 69.3h-9.3c-3.2 0-5.8 2.8-5.8 5.8v361.7c0 3 2.6 5.8 5.8 5.8h361.7c3.2.1 5.8-2.7 5.8-5.8zM150.2 186v37H76.7v-37h73.5zm0 74.4v37.3H76.7v-37.3h73.5zm11.1-147.3l54-43.7H96.8l64.5 43.7zm210 72.9v37h-196v-37h196zm0 74.4v37.3h-196v-37.3h196zm-84.6-147.3l64.5-43.7H232.8l53.9 43.7zM371.3 335v37.3h-99.4V335h99.4z\"><\/path><\/svg>\t\t\t\t<\/span>\n\t\t\t<\/div>\n\t\t\t\n\t\t\t\t\t\t<div class=\"elementor-icon-box-content\">\n\n\t\t\t\t\t\t\t\t\t<h3 class=\"elementor-icon-box-title\">\n\t\t\t\t\t\t<span  >\n\t\t\t\t\t\t\tGerekli t\u00fcm bilgileri kolayca iletmek i\u00e7in formumuzu kullanabilirsiniz\t\t\t\t\t\t<\/span>\n\t\t\t\t\t<\/h3>\n\t\t\t\t\n\t\t\t\t\n\t\t\t<\/div>\n\t\t\t\n\t\t<\/div>\n\t\t\t\t\t\t<\/div>\n\t\t\t\t<\/div>\n\t\t\t\t<div class=\"elementor-element elementor-element-11ddcb3 elementor-button-align-stretch elementor-widget elementor-widget-form\" data-id=\"11ddcb3\" data-element_type=\"widget\" data-e-type=\"widget\" data-settings=\"{&quot;button_width&quot;:&quot;30&quot;,&quot;button_width_tablet&quot;:&quot;40&quot;,&quot;step_next_label&quot;:&quot;Sonraki&quot;,&quot;step_previous_label&quot;:&quot;\\u00d6nceki&quot;,&quot;step_type&quot;:&quot;number_text&quot;,&quot;step_icon_shape&quot;:&quot;circle&quot;}\" data-widget_type=\"form.default\">\n\t\t\t\t<div class=\"elementor-widget-container\">\n\t\t\t\t\t\t\t<form class=\"elementor-form\" method=\"post\" name=\"Yay\u0131n Ba\u015fvurusu\" aria-label=\"Yay\u0131n Ba\u015fvurusu\" novalidate=\"\">\n\t\t\t<input type=\"hidden\" name=\"post_id\" value=\"8250\"\/>\n\t\t\t<input type=\"hidden\" name=\"form_id\" value=\"11ddcb3\"\/>\n\t\t\t<input type=\"hidden\" name=\"referer_title\" value=\"Do\u00e7entlik Tezi - IFIS&amp;IZ\" \/>\n\n\t\t\t\t\t\t\t<input type=\"hidden\" name=\"queried_id\" value=\"8250\"\/>\n\t\t\t\n\t\t\t<div class=\"elementor-form-fields-wrapper elementor-labels-above\">\n\t\t\t\t\t\t\t\t<div class=\"elementor-field-type-select elementor-field-group elementor-column elementor-field-group-field_bdd51e8 elementor-col-30\">\n\t\t\t\t\t\t\t\t\t\t\t\t<label for=\"form-field-field_bdd51e8\" class=\"elementor-field-label\">\n\t\t\t\t\t\t\t\tHitap\t\t\t\t\t\t\t<\/label>\n\t\t\t\t\t\t\t\t<div class=\"elementor-field elementor-select-wrapper remove-before \">\n\t\t\t<div class=\"select-caret-down-wrapper\">\n\t\t\t\t<svg aria-hidden=\"true\" class=\"e-font-icon-svg e-eicon-caret-down\" viewBox=\"0 0 571.4 571.4\" xmlns=\"http:\/\/www.w3.org\/2000\/svg\"><path d=\"M571 393Q571 407 561 418L311 668Q300 679 286 679T261 668L11 418Q0 407 0 393T11 368 36 357H536Q550 357 561 368T571 393Z\"><\/path><\/svg>\t\t\t<\/div>\n\t\t\t<select name=\"form_fields[field_bdd51e8]\" id=\"form-field-field_bdd51e8\" class=\"elementor-field-textual elementor-size-sm\">\n\t\t\t\t\t\t\t\t\t<option value=\"Bay\">Bay<\/option>\n\t\t\t\t\t\t\t\t\t<option value=\"Bayan\">Bayan<\/option>\n\t\t\t\t\t\t\t\t\t<option value=\"Bilgi Yok\">Bilgi Yok<\/option>\n\t\t\t\t\t\t\t<\/select>\n\t\t<\/div>\n\t\t\t\t\t\t<\/div>\n\t\t\t\t\t\t\t\t<div class=\"elementor-field-type-select elementor-field-group elementor-column elementor-field-group-field_3cb90b2 elementor-col-30\">\n\t\t\t\t\t\t\t\t\t\t\t\t<label for=\"form-field-field_3cb90b2\" class=\"elementor-field-label\">\n\t\t\t\t\t\t\t\t\u00dcnvan\t\t\t\t\t\t\t<\/label>\n\t\t\t\t\t\t\t\t<div class=\"elementor-field elementor-select-wrapper remove-before \">\n\t\t\t<div class=\"select-caret-down-wrapper\">\n\t\t\t\t<svg aria-hidden=\"true\" class=\"e-font-icon-svg e-eicon-caret-down\" viewBox=\"0 0 571.4 571.4\" xmlns=\"http:\/\/www.w3.org\/2000\/svg\"><path d=\"M571 393Q571 407 561 418L311 668Q300 679 286 679T261 668L11 418Q0 407 0 393T11 368 36 357H536Q550 357 561 368T571 393Z\"><\/path><\/svg>\t\t\t<\/div>\n\t\t\t<select name=\"form_fields[field_3cb90b2]\" id=\"form-field-field_3cb90b2\" class=\"elementor-field-textual elementor-size-sm\">\n\t\t\t\t\t\t\t\t\t<option value=\"Prof. Dr.\">Prof. Dr.<\/option>\n\t\t\t\t\t\t\t\t\t<option value=\"Dr.\">Dr.<\/option>\n\t\t\t\t\t\t\t\t\t<option value=\"Bilgi Yok\">Bilgi Yok<\/option>\n\t\t\t\t\t\t\t<\/select>\n\t\t<\/div>\n\t\t\t\t\t\t<\/div>\n\t\t\t\t\t\t\t\t<div class=\"elementor-field-type-text elementor-field-group elementor-column elementor-field-group-name elementor-col-50 elementor-field-required elementor-mark-required\">\n\t\t\t\t\t\t\t\t\t\t\t\t<label for=\"form-field-name\" class=\"elementor-field-label\">\n\t\t\t\t\t\t\t\tSoy \u0130sim\t\t\t\t\t\t\t<\/label>\n\t\t\t\t\t\t\t\t\t\t\t\t\t\t<input size=\"1\" type=\"text\" name=\"form_fields[name]\" id=\"form-field-name\" class=\"elementor-field elementor-size-sm  elementor-field-textual\" placeholder=\"Soy \u0130sim...\" required=\"required\">\n\t\t\t\t\t\t\t\t\t\t\t<\/div>\n\t\t\t\t\t\t\t\t<div class=\"elementor-field-type-text elementor-field-group elementor-column elementor-field-group-field_735a1ef elementor-col-50 elementor-field-required elementor-mark-required\">\n\t\t\t\t\t\t\t\t\t\t\t\t<label for=\"form-field-field_735a1ef\" class=\"elementor-field-label\">\n\t\t\t\t\t\t\t\t\u0130sim\t\t\t\t\t\t\t<\/label>\n\t\t\t\t\t\t\t\t\t\t\t\t\t\t<input size=\"1\" type=\"text\" name=\"form_fields[field_735a1ef]\" id=\"form-field-field_735a1ef\" class=\"elementor-field elementor-size-sm  elementor-field-textual\" placeholder=\"\u0130sim...\" required=\"required\">\n\t\t\t\t\t\t\t\t\t\t\t<\/div>\n\t\t\t\t\t\t\t\t<div class=\"elementor-field-type-email elementor-field-group elementor-column elementor-field-group-email elementor-col-50 elementor-field-required elementor-mark-required\">\n\t\t\t\t\t\t\t\t\t\t\t\t<label for=\"form-field-email\" class=\"elementor-field-label\">\n\t\t\t\t\t\t\t\tEmail\t\t\t\t\t\t\t<\/label>\n\t\t\t\t\t\t\t\t\t\t\t\t\t\t<input size=\"1\" type=\"email\" name=\"form_fields[email]\" id=\"form-field-email\" class=\"elementor-field elementor-size-sm  elementor-field-textual\" placeholder=\"Mail Adresiniz\" required=\"required\">\n\t\t\t\t\t\t\t\t\t\t\t<\/div>\n\t\t\t\t\t\t\t\t<div class=\"elementor-field-type-number elementor-field-group elementor-column elementor-field-group-field_f3de338 elementor-col-50 elementor-field-required elementor-mark-required\">\n\t\t\t\t\t\t\t\t\t\t\t\t<label for=\"form-field-field_f3de338\" class=\"elementor-field-label\">\n\t\t\t\t\t\t\t\tTelefon\t\t\t\t\t\t\t<\/label>\n\t\t\t\t\t\t\t\t\t<input type=\"number\" name=\"form_fields[field_f3de338]\" id=\"form-field-field_f3de338\" class=\"elementor-field elementor-size-sm  elementor-field-textual\" placeholder=\"Telefon Numaran\u0131z\" required=\"required\" min=\"\" max=\"\" >\n\t\t\t\t\t\t<\/div>\n\t\t\t\t\t\t\t\t<div class=\"elementor-field-type-text elementor-field-group elementor-column elementor-field-group-field_379f8a6 elementor-col-50 elementor-field-required elementor-mark-required\">\n\t\t\t\t\t\t\t\t\t\t\t\t<label for=\"form-field-field_379f8a6\" class=\"elementor-field-label\">\n\t\t\t\t\t\t\t\tAlan\t\t\t\t\t\t\t<\/label>\n\t\t\t\t\t\t\t\t\t\t\t\t\t\t<input size=\"1\" type=\"text\" name=\"form_fields[field_379f8a6]\" id=\"form-field-field_379f8a6\" class=\"elementor-field elementor-size-sm  elementor-field-textual\" placeholder=\"Alan\" required=\"required\">\n\t\t\t\t\t\t\t\t\t\t\t<\/div>\n\t\t\t\t\t\t\t\t<div class=\"elementor-field-type-text elementor-field-group elementor-column elementor-field-group-message elementor-col-50 elementor-field-required elementor-mark-required\">\n\t\t\t\t\t\t\t\t\t\t\t\t<label for=\"form-field-message\" class=\"elementor-field-label\">\n\t\t\t\t\t\t\t\tYay\u0131n Ba\u015fl\u0131\u011f\u0131\t\t\t\t\t\t\t<\/label>\n\t\t\t\t\t\t\t\t\t\t\t\t\t\t<input size=\"1\" type=\"text\" name=\"form_fields[message]\" id=\"form-field-message\" class=\"elementor-field elementor-size-sm  elementor-field-textual\" placeholder=\"Yay\u0131n Ba\u015fl\u0131\u011f\u0131\" required=\"required\">\n\t\t\t\t\t\t\t\t\t\t\t<\/div>\n\t\t\t\t\t\t\t\t<div class=\"elementor-field-type-number elementor-field-group elementor-column elementor-field-group-field_7c00e15 elementor-col-33\">\n\t\t\t\t\t\t\t\t\t\t\t\t<label for=\"form-field-field_7c00e15\" class=\"elementor-field-label\">\n\t\t\t\t\t\t\t\tToplam karakter say\u0131s\u0131\t\t\t\t\t\t\t<\/label>\n\t\t\t\t\t\t\t\t\t<input type=\"number\" name=\"form_fields[field_7c00e15]\" id=\"form-field-field_7c00e15\" class=\"elementor-field elementor-size-sm  elementor-field-textual\" placeholder=\"bo\u015fluklar ve dipnotlar dahil\" min=\"\" max=\"\" >\n\t\t\t\t\t\t<\/div>\n\t\t\t\t\t\t\t\t<div class=\"elementor-field-type-number elementor-field-group elementor-column elementor-field-group-field_2fd2475 elementor-col-33\">\n\t\t\t\t\t\t\t\t\t\t\t\t<label for=\"form-field-field_2fd2475\" class=\"elementor-field-label\">\n\t\t\t\t\t\t\t\tSayfa Say\u0131s\u0131\t\t\t\t\t\t\t<\/label>\n\t\t\t\t\t\t\t\t\t<input type=\"number\" name=\"form_fields[field_2fd2475]\" id=\"form-field-field_2fd2475\" class=\"elementor-field elementor-size-sm  elementor-field-textual\" placeholder=\"Say\u0131\" min=\"\" max=\"\" >\n\t\t\t\t\t\t<\/div>\n\t\t\t\t\t\t\t\t<div class=\"elementor-field-type-date elementor-field-group elementor-column elementor-field-group-field_abe0c1f elementor-col-33\">\n\t\t\t\t\t\t\t\t\t\t\t\t<label for=\"form-field-field_abe0c1f\" class=\"elementor-field-label\">\n\t\t\t\t\t\t\t\tTarih\t\t\t\t\t\t\t<\/label>\n\t\t\t\t\t\t\n\t\t<input type=\"date\" name=\"form_fields[field_abe0c1f]\" id=\"form-field-field_abe0c1f\" class=\"elementor-field elementor-size-sm  elementor-field-textual elementor-date-field\" placeholder=\"Planlanan Yay\u0131n Tarihi\" pattern=\"[0-9]{4}-[0-9]{2}-[0-9]{2}\">\n\t\t\t\t\t\t<\/div>\n\t\t\t\t\t\t\t\t<div class=\"elementor-field-type-text elementor-field-group elementor-column elementor-field-group-message elementor-col-100\">\n\t\t\t\t\t\t\t\t\t\t\t\t<label for=\"form-field-message\" class=\"elementor-field-label\">\n\t\t\t\t\t\t\t\tMesaj\t\t\t\t\t\t\t<\/label>\n\t\t\t\t\t\t\t\t\t\t\t\t\t\t<input size=\"1\" type=\"text\" name=\"form_fields[message]\" id=\"form-field-message\" class=\"elementor-field elementor-size-sm  elementor-field-textual\" placeholder=\"Di\u011fer - Destek hakk\u0131nda bilgi ; \u00f6n sorular, ek bilgiler...\">\n\t\t\t\t\t\t\t\t\t\t\t<\/div>\n\t\t\t\t\t\t\t\t<div class=\"elementor-field-type-upload elementor-field-group elementor-column elementor-field-group-field_430c4c6 elementor-col-33\">\n\t\t\t\t\t\t\t\t\t\t\t\t<label for=\"form-field-field_430c4c6\" class=\"elementor-field-label\">\n\t\t\t\t\t\t\t\t\u00c7al\u0131\u015fman\u0131n \u00d6zeti (PDF, en fazla 600 kelime)\t\t\t\t\t\t\t<\/label>\n\t\t\t\t\t\t\t\t<input type=\"file\" name=\"form_fields[field_430c4c6]\" id=\"form-field-field_430c4c6\" class=\"elementor-field elementor-size-sm  elementor-upload-field\" data-maxsize=\"5\" data-maxsize-message=\"This file exceeds the maximum allowed size.\">\n\n\t\t\t\t\t\t<\/div>\n\t\t\t\t\t\t\t\t<div class=\"elementor-field-type-upload elementor-field-group elementor-column elementor-field-group-field_fc668ef elementor-col-33 elementor-field-required elementor-mark-required\">\n\t\t\t\t\t\t\t\t\t\t\t\t<label for=\"form-field-field_fc668ef\" class=\"elementor-field-label\">\n\t\t\t\t\t\t\t\tTaslak (PDF, en fazla 5 MB)\t\t\t\t\t\t\t<\/label>\n\t\t\t\t\t\t\t\t<input type=\"file\" name=\"form_fields[field_fc668ef]\" id=\"form-field-field_fc668ef\" class=\"elementor-field elementor-size-sm  elementor-upload-field\" required=\"required\" data-maxsize=\"5\" data-maxsize-message=\"This file exceeds the maximum allowed size.\">\n\n\t\t\t\t\t\t<\/div>\n\t\t\t\t\t\t\t\t<div class=\"elementor-field-type-upload elementor-field-group elementor-column elementor-field-group-field_ea869ca elementor-col-33\">\n\t\t\t\t\t\t\t\t\t\t\t\t<label for=\"form-field-field_ea869ca\" class=\"elementor-field-label\">\n\t\t\t\t\t\t\t\tCV (PDF, en fazla 5 MB)\t\t\t\t\t\t\t<\/label>\n\t\t\t\t\t\t\t\t<input type=\"file\" name=\"form_fields[field_ea869ca]\" id=\"form-field-field_ea869ca\" class=\"elementor-field elementor-size-sm  elementor-upload-field\" data-maxsize=\"5\" data-maxsize-message=\"This file exceeds the maximum allowed size.\">\n\n\t\t\t\t\t\t<\/div>\n\t\t\t\t\t\t\t\t<div class=\"elementor-field-type-acceptance elementor-field-group elementor-column elementor-field-group-field_2827303 elementor-col-100 elementor-field-required elementor-mark-required\">\n\t\t\t\t\t\t\t\t\t\t\t\t<label for=\"form-field-field_2827303\" class=\"elementor-field-label\">\n\t\t\t\t\t\t\t\t\u00d6zg\u00fcnl\u00fck ve Telif Hakk\u0131\t\t\t\t\t\t\t<\/label>\n\t\t\t\t\t\t\t\t<div class=\"elementor-field-subgroup\">\n\t\t\t<span class=\"elementor-field-option\">\n\t\t\t\t<input type=\"checkbox\" name=\"form_fields[field_2827303]\" id=\"form-field-field_2827303\" class=\"elementor-field elementor-size-sm  elementor-acceptance-field\" required=\"required\">\n\t\t\t\t<label for=\"form-field-field_2827303\"> G\u00f6nderilen \u00e7al\u0131\u015fman\u0131n \u00f6zg\u00fcn oldu\u011funu ve daha \u00f6nce yay\u0131mlanmad\u0131\u011f\u0131n\u0131 onayl\u0131yorum. T\u00fcm ortak yazarlar\u0131n isimleri belirtilmi\u015f ve ilgili katk\u0131lar\u0131 a\u00e7\u0131k\u00e7a zikredilmi\u015ftir.<\/label>\t\t\t<\/span>\n\t\t<\/div>\n\t\t\t\t\t\t<\/div>\n\t\t\t\t\t\t\t\t<div class=\"elementor-field-type-recaptcha elementor-field-group elementor-column elementor-field-group-field_1fb1622 elementor-col-100\">\n\t\t\t\t\t<div class=\"elementor-field\" id=\"form-field-field_1fb1622\"><div class=\"elementor-g-recaptcha\" data-sitekey=\"6Lf1f1ojAAAAAOWIZEHO0ydJqr2IqE-nO1LFeRMp\" data-type=\"v2_checkbox\" data-theme=\"light\" data-size=\"normal\"><\/div><\/div>\t\t\t\t<\/div>\n\t\t\t\t\t\t\t\t<div class=\"elementor-field-group elementor-column elementor-field-type-submit elementor-col-30 e-form__buttons elementor-md-40\">\n\t\t\t\t\t<button class=\"elementor-button elementor-size-sm\" type=\"submit\">\n\t\t\t\t\t\t<span class=\"elementor-button-content-wrapper\">\n\t\t\t\t\t\t\t\t\t\t\t\t\t\t\t\t\t\t\t\t\t\t<span class=\"elementor-button-text\">Talep G\u00f6nder<\/span>\n\t\t\t\t\t\t\t\t\t\t\t\t\t<\/span>\n\t\t\t\t\t<\/button>\n\t\t\t\t<\/div>\n\t\t\t<\/div>\n\t\t<\/form>\n\t\t\t\t\t\t<\/div>\n\t\t\t\t<\/div>\n\t\t\t\t<\/div>\n\t\t\t\t<\/div>\n\t\t","protected":false},"excerpt":{"rendered":"<p>Bir Do\u00e7entlik Tezi yay\u0131mlanmas\u0131 talebi Do\u00e7entlik teziniz akademik kariyerinizdeki bir di\u011fer \u00f6nemli ad\u0131m\u0131 te\u015fkil etmektedir. Size \u00e7al\u0131\u015fman\u0131z\u0131 akademik camiada tan\u0131nan bir platformda yay\u0131mlama ve bu sayede geni\u015f bir okuyucu kitlesine ula\u015fma f\u0131rsat\u0131 sunuyoruz. Tamamlanm\u0131\u015f tasla\u011f\u0131n\u0131z\u0131 ya da \u00e7al\u0131\u015fman\u0131z hen\u00fcz son halini almad\u0131ysa nitelikli bir \u00f6zetini iletebilirsiniz. Bunun yan\u0131 s\u0131ra hacim (bo\u015fluklar dahil toplam karakter say\u0131s\u0131) [&hellip;]<\/p>\n","protected":false},"author":1,"featured_media":0,"parent":8183,"menu_order":0,"comment_status":"closed","ping_status":"closed","template":"","meta":{"footnotes":""},"class_list":["post-8250","page","type-page","status-publish","hentry"],"_links":{"self":[{"href":"https:\/\/www.ifis-iz.com\/tr\/wp-json\/wp\/v2\/pages\/8250","targetHints":{"allow":["GET"]}}],"collection":[{"href":"https:\/\/www.ifis-iz.com\/tr\/wp-json\/wp\/v2\/pages"}],"about":[{"href":"https:\/\/www.ifis-iz.com\/tr\/wp-json\/wp\/v2\/types\/page"}],"author":[{"embeddable":true,"href":"https:\/\/www.ifis-iz.com\/tr\/wp-json\/wp\/v2\/users\/1"}],"replies":[{"embeddable":true,"href":"https:\/\/www.ifis-iz.com\/tr\/wp-json\/wp\/v2\/comments?post=8250"}],"version-history":[{"count":1,"href":"https:\/\/www.ifis-iz.com\/tr\/wp-json\/wp\/v2\/pages\/8250\/revisions"}],"predecessor-version":[{"id":8251,"href":"https:\/\/www.ifis-iz.com\/tr\/wp-json\/wp\/v2\/pages\/8250\/revisions\/8251"}],"up":[{"embeddable":true,"href":"https:\/\/www.ifis-iz.com\/tr\/wp-json\/wp\/v2\/pages\/8183"}],"wp:attachment":[{"href":"https:\/\/www.ifis-iz.com\/tr\/wp-json\/wp\/v2\/media?parent=8250"}],"curies":[{"name":"wp","href":"https:\/\/api.w.org\/{rel}","templated":true}]}}