{"id":3647,"date":"2022-09-07T11:24:11","date_gmt":"2022-09-07T11:24:11","guid":{"rendered":"https:\/\/www.ifis-iz.com\/hakkimizda"},"modified":"2024-10-07T13:57:30","modified_gmt":"2024-10-07T11:57:30","slug":"hakkimizda","status":"publish","type":"page","link":"https:\/\/www.ifis-iz.com\/tr\/hakkimizda","title":{"rendered":"Hakk\u0131m\u0131zda"},"content":{"rendered":"\t\t<div data-elementor-type=\"wp-page\" data-elementor-id=\"3647\" class=\"elementor elementor-3647 elementor-68\" data-elementor-post-type=\"page\">\n\t\t\t\t\t\t<section class=\"elementor-section elementor-top-section elementor-element elementor-element-ac17948 elementor-section-full_width elementor-section-height-default elementor-section-height-default\" data-id=\"ac17948\" data-element_type=\"section\" data-e-type=\"section\" data-settings=\"{&quot;background_background&quot;:&quot;classic&quot;}\">\n\t\t\t\t\t\t\t<div class=\"elementor-background-overlay\"><\/div>\n\t\t\t\t\t\t\t<div class=\"elementor-container elementor-column-gap-default\">\n\t\t\t\t\t<div class=\"elementor-column elementor-col-100 elementor-top-column elementor-element elementor-element-7948d49d\" data-id=\"7948d49d\" data-element_type=\"column\" data-e-type=\"column\">\n\t\t\t<div class=\"elementor-widget-wrap\">\n\t\t\t\t\t\t\t<\/div>\n\t\t<\/div>\n\t\t\t\t\t<\/div>\n\t\t<\/section>\n\t\t\t\t<section class=\"elementor-section elementor-top-section elementor-element elementor-element-2f94aafe elementor-section-content-middle envato-kit-141-top-0 elementor-section-boxed elementor-section-height-default elementor-section-height-default\" data-id=\"2f94aafe\" data-element_type=\"section\" data-e-type=\"section\" data-settings=\"{&quot;background_background&quot;:&quot;classic&quot;}\">\n\t\t\t\t\t\t\t<div class=\"elementor-background-overlay\"><\/div>\n\t\t\t\t\t\t\t<div class=\"elementor-container elementor-column-gap-wide\">\n\t\t\t\t\t<div class=\"elementor-column elementor-col-100 elementor-top-column elementor-element elementor-element-62472871\" data-id=\"62472871\" data-element_type=\"column\" data-e-type=\"column\">\n\t\t\t<div class=\"elementor-widget-wrap elementor-element-populated\">\n\t\t\t\t\t\t<div class=\"elementor-element elementor-element-38340e6d elementor-invisible elementor-widget elementor-widget-heading\" data-id=\"38340e6d\" data-element_type=\"widget\" data-e-type=\"widget\" data-settings=\"{&quot;_animation&quot;:&quot;fadeIn&quot;,&quot;_animation_delay&quot;:100}\" data-widget_type=\"heading.default\">\n\t\t\t\t<div class=\"elementor-widget-container\">\n\t\t\t\t\t<h1 class=\"elementor-heading-title elementor-size-default\">Hakk\u0131m\u0131zda<\/h1>\t\t\t\t<\/div>\n\t\t\t\t<\/div>\n\t\t\t\t<div class=\"elementor-element elementor-element-733fdfa9 elementor-widget-divider--view-line elementor-invisible elementor-widget elementor-widget-divider\" data-id=\"733fdfa9\" data-element_type=\"widget\" data-e-type=\"widget\" data-settings=\"{&quot;_animation&quot;:&quot;fadeIn&quot;,&quot;_animation_delay&quot;:300}\" data-widget_type=\"divider.default\">\n\t\t\t\t<div class=\"elementor-widget-container\">\n\t\t\t\t\t\t\t<div class=\"elementor-divider\">\n\t\t\t<span class=\"elementor-divider-separator\">\n\t\t\t\t\t\t<\/span>\n\t\t<\/div>\n\t\t\t\t\t\t<\/div>\n\t\t\t\t<\/div>\n\t\t\t\t<section class=\"elementor-section elementor-inner-section elementor-element elementor-element-30c9a36a elementor-section-boxed elementor-section-height-default elementor-section-height-default\" data-id=\"30c9a36a\" data-element_type=\"section\" data-e-type=\"section\">\n\t\t\t\t\t\t<div class=\"elementor-container elementor-column-gap-default\">\n\t\t\t\t\t<div class=\"elementor-column elementor-col-100 elementor-inner-column elementor-element elementor-element-383bde30\" data-id=\"383bde30\" data-element_type=\"column\" data-e-type=\"column\">\n\t\t\t<div class=\"elementor-widget-wrap elementor-element-populated\">\n\t\t\t\t\t\t<div class=\"elementor-element elementor-element-73f1e185 elementor-widget elementor-widget-text-editor\" data-id=\"73f1e185\" data-element_type=\"widget\" data-e-type=\"widget\" data-widget_type=\"text-editor.default\">\n\t\t\t\t<div class=\"elementor-widget-container\">\n\t\t\t\t\t\t\t\t\t\u0130sl\u00e2mi Ara\u015ft\u0131rmalar ve K\u00fclt\u00fcrleraras\u0131 \u0130\u015fbirli\u011fi Enstit\u00fc&#8217;s\u00fc (\u0130F\u0130S&#038;\u0130Z), bilime g\u00f6n\u00fcl veren duyarl\u0131 vatanda\u015flar taraf\u0131ndan, \u0130sl\u00e2mi bilimlerin Avrupa ekseninde geli\u015fmesi ve geli\u015ftirilmesi, \u00f6zelde Avrupa\u2019da ya\u015fayan insan\u0131m\u0131za, genelde t\u00fcm insanl\u0131\u011fa \u0130sl\u00e2m\u2019\u0131, bilimsel faaliyetler vesilesiyle tan\u0131tma, medeniyetleraras\u0131 \u00e7at\u0131\u015fman\u0131n k\u00f6r\u00fcklendi\u011fi \u015fu d\u00f6nemde k\u00fclt\u00fcrleraras\u0131 diyalog ve i\u015fbirli\u011fine destek verme amac\u0131na matuf olarak Mannheim\u2019da 2011 y\u0131l\u0131nda kamu yarar\u0131 i\u00e7in kurulmu\u015f tamamen sivil bir kurulu\u015ftur. Enstit\u00fc\u2019n\u00fcn a\u00e7\u0131l\u0131\u015f\u0131, 2011 y\u0131l\u0131n\u0131n Haziran ay\u0131nda (02-05 Haziran 2011), Enstit\u00fc\u2019n\u00fcn d\u00fczenledi\u011fi \u201cDin ve K\u00fclt\u00fcrde Maneviyat\u201d konulu 1. Uluslararas\u0131 sempozyumla e\u015f zamanl\u0131 olarak ger\u00e7ekle\u015fmi\u015ftir.\r\n\t\t\t\t\t\t\t\t<\/div>\n\t\t\t\t<\/div>\n\t\t\t\t<div class=\"elementor-element elementor-element-233108e elementor-widget elementor-widget-heading\" data-id=\"233108e\" data-element_type=\"widget\" data-e-type=\"widget\" data-widget_type=\"heading.default\">\n\t\t\t\t<div class=\"elementor-widget-container\">\n\t\t\t\t\t<h2 class=\"elementor-heading-title elementor-size-default\">Arka Plan<\/h2>\t\t\t\t<\/div>\n\t\t\t\t<\/div>\n\t\t\t\t<div class=\"elementor-element elementor-element-d6ebce5 elementor-widget elementor-widget-text-editor\" data-id=\"d6ebce5\" data-element_type=\"widget\" data-e-type=\"widget\" data-widget_type=\"text-editor.default\">\n\t\t\t\t<div class=\"elementor-widget-container\">\n\t\t\t\t\t\t\t\t\t<p>Enstit\u00fc\u2019n\u00fcn bilimsel \u00e7al\u0131\u015fmalar\u0131, daha ziyade \u0130sl\u00e2m\u00a0il\u00e2hiyat\u0131, \u015farkiyat, sosyal bilimler ve k\u00fclt\u00fcrleraras\u0131 diyalog alanlar\u0131nda yo\u011funla\u015fm\u0131\u015ft\u0131r. Enstit\u00fc\u2019n\u00fcn hedeflerinden birisi de, \u0130sl\u00e2m\u2019\u0131n klasik\/temel ve ihtiya\u00e7 duyulan eserlerini, uzman bir ekiple Bat\u0131 dillerine, \u00f6ncelikle Almanca ve \u0130ngilizceye kazand\u0131rarak, \u00f6zelde kendi insan\u0131m\u0131z\u0131n ve burada yeni kurulmakta olan \u0130sl\u00e2m\u00a0<span lang=\"TR\">\u0130l\u00e2hiyat\u00a0<\/span>Fak\u00fcltesi talebelerinin do\u011fru ve sa\u011fl\u0131kl\u0131 bilgiye, g\u00fcvenilir kaynaklardan ula\u015fmas\u0131n\u0131 temin etmek, bu dine ait klasik\/temel kaynaklara, i\u00e7inde ya\u015fad\u0131\u011f\u0131m\u0131z toplumun eri\u015fimini kolayla\u015ft\u0131rarak dinimize ait k\u00fclt\u00fcr ve ilim miras\u0131n\u0131 Bat\u0131 toplumuna ve ilim d\u00fcnyas\u0131na tan\u0131tmakt\u0131r. Maalesef \u0130sl\u00e2m\u2019\u0131n \u00f6nemli kaynaklar\u0131, Bat\u0131 dillerine h\u00e2l\u00e2 \u00e7evrilmemi\u015f veya anla\u015f\u0131labilmesi i\u00e7in \u00fczerinde etrafl\u0131ca ara\u015ft\u0131rma yap\u0131lmam\u0131\u015ft\u0131r. Bu \u00e7al\u0131\u015fmalar\u0131 yapacak M\u00fcsl\u00fcman bilim adamlar\u0131na ve bunlar\u0131 yeti\u015ftirecek kurumlara Avrupa\u2019da bug\u00fcn d\u00fcnden, yar\u0131n ise bug\u00fcnden daha \u00e7ok ihtiya\u00e7 olaca\u011f\u0131 a\u015fik\u00e2rd\u0131r. \u0130\u015fte \u201c\u0130sl\u00e2m\u00ee Ara\u015ft\u0131rmalar ve K\u00fclt\u00fcrleraras\u0131 \u0130\u015fbirli\u011fi Enstit\u00fcs\u00fc\u201d (\u0130F\u0130S&#038;\u0130Z), ya\u015fad\u0131\u011f\u0131m\u0131z toplumda bo\u015flu\u011fu yo\u011fun bir \u015fekilde hissedilen bu ihtiyac\u0131n bir \u00fcr\u00fcn\u00fcd\u00fcr.<\/p>\n\t\t\t\t\t\t\t\t<\/div>\n\t\t\t\t<\/div>\n\t\t\t\t<div class=\"elementor-element elementor-element-ea228ab elementor-widget elementor-widget-heading\" data-id=\"ea228ab\" data-element_type=\"widget\" data-e-type=\"widget\" data-widget_type=\"heading.default\">\n\t\t\t\t<div class=\"elementor-widget-container\">\n\t\t\t\t\t<h2 class=\"elementor-heading-title elementor-size-default\">Hedefler<\/h2>\t\t\t\t<\/div>\n\t\t\t\t<\/div>\n\t\t\t\t<div class=\"elementor-element elementor-element-ec29e3c elementor-widget elementor-widget-text-editor\" data-id=\"ec29e3c\" data-element_type=\"widget\" data-e-type=\"widget\" data-widget_type=\"text-editor.default\">\n\t\t\t\t<div class=\"elementor-widget-container\">\n\t\t\t\t\t\t\t\t\t<p>Bilimsel ba\u011f\u0131ms\u0131zl\u0131k ilkesine g\u00f6re kurulan Enstit\u00fc, geni\u015f \u00e7apl\u0131 bir yap\u0131lanma i\u00e7erisindedir. Enstit\u00fc\u2019n\u00fcn temel hedeflerinden birisi, T\u00fcrk\u00e7enin yan\u0131 s\u0131ra, di\u011fer Bat\u0131 dillerine (\u0130ngilizce, Almanca ve Frans\u0131zca) ve Arap\u00e7aya h\u00e2kim, bu dillerle her t\u00fcrl\u00fc akademik \u00e7al\u0131\u015fmay\u0131 yapabilecek, derinli\u011fi olan, standartlar\u0131n \u00fczerinde bilim adam\u0131 yeti\u015ftirmektir. Almanya\u2019da \u0130sl\u00e2m ilahiyat\u0131 alan\u0131nda \u00f6\u011frenim g\u00f6ren talebelere y\u00f6nelik, gerek Enstit\u00fcm\u00fczde gerekse M\u0131s\u0131r-Kahire\u2019de organize etti\u011fimiz yo\u011fun dil kurslar\u0131n\u0131, uluslararas\u0131 programlar\u0131m\u0131za i\u015ftirak eden Frans\u0131z ve \u0130ngiliz profes\u00f6rler \u00fczerinden Sorbon ve Oxford \u00dcniversitelerinin ilgili b\u00f6l\u00fcmleriyle anla\u015farak, bu \u00fclkelerdeki yetenekli gen\u00e7 akademisyenlerimize sunma gayreti i\u00e7erisinde olaca\u011f\u0131z.<\/p>\n<p>Enstit\u00fc\u2019n\u00fcn \u00f6nem verdi\u011fi hedeflerden bir di\u011feri ise T\u00fcrkiye\u2019den Avrupa\u2019ya lisans, \u00f6zellikle de lisans\u00fcst\u00fc \u00e7al\u0131\u015fmalar i\u00e7in gelmek isteyen yetenekli gen\u00e7 akademisyenlere rehberlik ederek onlar\u0131n Avrupa\u2019n\u0131n sayg\u0131n \u00fcniversitelerinde y\u00fcksek lisans ve doktora yapmalar\u0131na vesile olmakt\u0131r. Bunlar\u0131n yan\u0131 s\u0131ra, ilkini ba\u015far\u0131yla ger\u00e7ekle\u015ftirdi\u011fimiz uluslararas\u0131 sempozyumlara ev sahipli\u011fi yaparak <span lang=\"TR\">mut<\/span><span lang=\"TR\">\u00e2<\/span><span lang=\"TR\">t<\/span> bir h\u00e2le getirmek, ba\u015fta T\u00fcrkiye olmak \u00fczere, di\u011fer \u0130sl\u00e2m \u00fclkelerindeki sayg\u0131n bilim adamlar\u0131n\u0131 Avrupa\u2019daki sayg\u0131n meslekta\u015flar\u0131yla bulu\u015fturarak, onlar\u0131n tan\u0131\u015fmalar\u0131na ve bilgi al\u0131\u015f-veri\u015flerine zemin haz\u0131rlamak ama\u00e7lar\u0131m\u0131z aras\u0131ndad\u0131r. Bu t\u00fcr uluslararas\u0131 toplant\u0131lar\u0131, Avrupa\u2019n\u0131n \u00e7e\u015fitli \u015fehirlerinde yapman\u0131n yan\u0131 s\u0131ra, T\u00fcrkiye\u2019de de ilgili kurum ve kurulu\u015flarla ortakla\u015fa yapma niyetindeyiz. Zira uluslararas\u0131 sempozyumumuza T\u00fcrkiye\u2019den ve Ortado\u011fu\u2019dan kat\u0131lan say\u0131n rekt\u00f6r, rekt\u00f6r yard\u0131mc\u0131s\u0131 ve dekanlar\u0131n ortak program ve proje yapma hususundaki tekliflerini, bu meyanda de\u011ferlendirmekteyiz.<\/p>\n<p>Enstit\u00fc, bu amaca uygun olarak bir\u00e7ok dilde yaz\u0131lm\u0131\u015f bilimsel eseri i\u00e7eren \u00f6zel bir k\u00fct\u00fcphaneye sahiptir. \u015eu an itibariyle k\u00fct\u00fcphanemizde Arap\u00e7a, Almanca, \u0130ngilizce, T\u00fcrk\u00e7e ve Frans\u0131zca dillerinde yaz\u0131lm\u0131\u015f temel \u0130sl\u00e2m\u00ee bilimlerle ilgili 70 bini a\u015fk\u0131n eser mevcuttur. K\u00fct\u00fcphanenin kitap say\u0131s\u0131 yeni al\u0131mlarla g\u00fcn be g\u00fcn s\u00fcrekli olarak artmaktad\u0131r. B\u00fct\u00fcn bunlar\u0131n yan\u0131 s\u0131ra, Enstit\u00fc b\u00fcnyesinde bir\u00e7ok seminer odas\u0131, dil laboratuar\u0131 ve uluslararas\u0131 bilimsel toplant\u0131lar i\u00e7in modern teknikle donat\u0131lm\u0131\u015f 200 ki\u015filik bir konferans salonu da bulunmaktad\u0131r.<\/p>\n\t\t\t\t\t\t\t\t<\/div>\n\t\t\t\t<\/div>\n\t\t\t\t<div class=\"elementor-element elementor-element-3bbd9da elementor-widget elementor-widget-heading\" data-id=\"3bbd9da\" data-element_type=\"widget\" data-e-type=\"widget\" data-widget_type=\"heading.default\">\n\t\t\t\t<div class=\"elementor-widget-container\">\n\t\t\t\t\t<h2 class=\"elementor-heading-title elementor-size-default\">Projeler<\/h2>\t\t\t\t<\/div>\n\t\t\t\t<\/div>\n\t\t\t\t<div class=\"elementor-element elementor-element-cde7b0d elementor-widget elementor-widget-text-editor\" data-id=\"cde7b0d\" data-element_type=\"widget\" data-e-type=\"widget\" data-widget_type=\"text-editor.default\">\n\t\t\t\t<div class=\"elementor-widget-container\">\n\t\t\t\t\t\t\t\t\t<ul>\n<li>Arap\u00e7a ve \u0130ngilizce dil e\u011fitim ve \u00f6\u011fretimi sunmak<\/li>\n<li>Yetenekli \u00fcniversite \u00f6\u011frencilerinin ve bilim adamlar\u0131n\u0131n bilimsel \u00e7al\u0131\u015fmalar\u0131n\u0131n desteklemek<\/li>\n<li>Sempozyum ve Seminer\/Konferans\/Toplant\u0131 serileri d\u00fczenlemek<\/li>\n<li>Finansman ve Destekleyici Dernek kurmak<\/li>\n<\/ul>\n<p>\u0130F\u0130S&#038;\u0130Z, \u00e7al\u0131\u015fmalar\u0131n\u0131 daha ziyade sanat ve k\u00fclt\u00fcr alanlar\u0131nda yo\u011funla\u015ft\u0131ran KUDEM (Avrupa M\u00fcsl\u00fcmanlar\u0131n<br \/>\nK\u00fclt\u00fcrevi) derne\u011finden destek ve yard\u0131m almaktad\u0131r.<\/p>\n\t\t\t\t\t\t\t\t<\/div>\n\t\t\t\t<\/div>\n\t\t\t\t<div class=\"elementor-element elementor-element-33a03ce elementor-widget elementor-widget-heading\" data-id=\"33a03ce\" data-element_type=\"widget\" data-e-type=\"widget\" data-widget_type=\"heading.default\">\n\t\t\t\t<div class=\"elementor-widget-container\">\n\t\t\t\t\t<h2 class=\"elementor-heading-title elementor-size-default\">Destek &amp; Finansman<\/h2>\t\t\t\t<\/div>\n\t\t\t\t<\/div>\n\t\t\t\t<div class=\"elementor-element elementor-element-9da7e49 elementor-widget elementor-widget-text-editor\" data-id=\"9da7e49\" data-element_type=\"widget\" data-e-type=\"widget\" data-widget_type=\"text-editor.default\">\n\t\t\t\t<div class=\"elementor-widget-container\">\n\t\t\t\t\t\t\t\t\t<p>\u0130F\u0130S&#038;\u0130Z\u2019in bu \u00e7al\u0131smalar\u0131, faaliyetlerini daha ziyade sanat ve k\u00fclt\u00fcr alanlar\u0131nda yo\u011funla\u015ft\u0131ran KUDEM (Avrupa M\u00fcsl\u00fcmanlar\u0131 K\u00fclt\u00fcrevi) taraf\u0131ndan desteklenmektedir.<\/p>\n\t\t\t\t\t\t\t\t<\/div>\n\t\t\t\t<\/div>\n\t\t\t\t\t<\/div>\n\t\t<\/div>\n\t\t\t\t\t<\/div>\n\t\t<\/section>\n\t\t\t\t\t<\/div>\n\t\t<\/div>\n\t\t\t\t\t<\/div>\n\t\t<\/section>\n\t\t\t\t<\/div>\n\t\t","protected":false},"excerpt":{"rendered":"<p>Hakk\u0131m\u0131zda \u0130sl\u00e2mi Ara\u015ft\u0131rmalar ve K\u00fclt\u00fcrleraras\u0131 \u0130\u015fbirli\u011fi Enstit\u00fc&#8217;s\u00fc (\u0130F\u0130S&#038;\u0130Z), bilime g\u00f6n\u00fcl veren duyarl\u0131 vatanda\u015flar taraf\u0131ndan, \u0130sl\u00e2mi bilimlerin Avrupa ekseninde geli\u015fmesi ve geli\u015ftirilmesi, \u00f6zelde Avrupa\u2019da ya\u015fayan insan\u0131m\u0131za, genelde t\u00fcm insanl\u0131\u011fa \u0130sl\u00e2m\u2019\u0131, bilimsel faaliyetler vesilesiyle tan\u0131tma, medeniyetleraras\u0131 \u00e7at\u0131\u015fman\u0131n k\u00f6r\u00fcklendi\u011fi \u015fu d\u00f6nemde k\u00fclt\u00fcrleraras\u0131 diyalog ve i\u015fbirli\u011fine destek verme amac\u0131na matuf olarak Mannheim\u2019da 2011 y\u0131l\u0131nda kamu yarar\u0131 i\u00e7in kurulmu\u015f tamamen [&hellip;]<\/p>\n","protected":false},"author":1,"featured_media":0,"parent":0,"menu_order":0,"comment_status":"closed","ping_status":"closed","template":"","meta":{"footnotes":""},"class_list":["post-3647","page","type-page","status-publish","hentry"],"_links":{"self":[{"href":"https:\/\/www.ifis-iz.com\/tr\/wp-json\/wp\/v2\/pages\/3647","targetHints":{"allow":["GET"]}}],"collection":[{"href":"https:\/\/www.ifis-iz.com\/tr\/wp-json\/wp\/v2\/pages"}],"about":[{"href":"https:\/\/www.ifis-iz.com\/tr\/wp-json\/wp\/v2\/types\/page"}],"author":[{"embeddable":true,"href":"https:\/\/www.ifis-iz.com\/tr\/wp-json\/wp\/v2\/users\/1"}],"replies":[{"embeddable":true,"href":"https:\/\/www.ifis-iz.com\/tr\/wp-json\/wp\/v2\/comments?post=3647"}],"version-history":[{"count":2,"href":"https:\/\/www.ifis-iz.com\/tr\/wp-json\/wp\/v2\/pages\/3647\/revisions"}],"predecessor-version":[{"id":8420,"href":"https:\/\/www.ifis-iz.com\/tr\/wp-json\/wp\/v2\/pages\/3647\/revisions\/8420"}],"wp:attachment":[{"href":"https:\/\/www.ifis-iz.com\/tr\/wp-json\/wp\/v2\/media?parent=3647"}],"curies":[{"name":"wp","href":"https:\/\/api.w.org\/{rel}","templated":true}]}}