{"id":994,"date":"2018-12-01T14:46:05","date_gmt":"2018-12-01T12:46:05","guid":{"rendered":"https:\/\/ifis-iz.com\/product\/koranwissenschaften-und-koranexegese"},"modified":"2022-09-23T16:45:11","modified_gmt":"2022-09-23T16:45:11","slug":"koranwissenschaften-und-koranexegese","status":"publish","type":"product","link":"https:\/\/www.ifis-iz.com\/fr\/produit\/koranwissenschaften-und-koranexegese","title":{"rendered":"Koranwissenschaften und Koranexegese"},"content":{"rendered":"<p>We are pleased to announce that IFIS&amp;IZ Publications has released another new book: Introduction into Qur\u2019anic Science and Tafsir (German: Koranwissenschaften und Koraexegese \u2013 Eine Einf\u00fchrung) with 601 pages. It is the first book in the series \u201cIntroducting Books\u201d in which further fundamental books about the different disciplines in Islamic Theology will be published in future. Prof. Dr. H\u00fcseyin \u0130lker \u00c7\u0131nar (Chairholder of Qur\u2019anic Exegesis at University of Osnabr\u00fcck and Founding Director of IFIS&amp;IZ) provides a broad introduction into the Qur\u2019an and its genesis, the different disciplines of Qur\u2019anic sciences (\u02bful\u016bm al-qur\u02be\u0101n), and delineates on the basis of selected texts the Muslim Qur\u2019anic Exegesis (tafs\u012br). The book also includes the views of Western scholars and provides for the first time in German language a comprehensive scientifc analysis of the fundamental sciences of Qur\u2019anic exegesis. With an academic-theologian perspective the book is suitable to serve as a textbook for students of Islamic Theology and Religious Education Studies.<\/p>\n","protected":false},"excerpt":{"rendered":"<p>We are pleased to announce that IFIS&amp;IZ Publications has released another new book: Introduction into Qur\u2019anic Science and Tafsir (German: Koranwissenschaften und Koraexegese \u2013 Eine Einf\u00fchrung) with 601 pages. It is the first book in the series \u201cIntroducting Books\u201d in which further fundamental books about the different disciplines in Islamic Theology will be published in future.<\/p>\n[elementor-template id=\"1930\"]\n","protected":false},"featured_media":990,"template":"","meta":[],"product_brand":[],"product_cat":[26,124],"product_tag":[],"class_list":{"0":"post-994","1":"product","2":"type-product","3":"status-publish","4":"has-post-thumbnail","6":"product_cat-general","7":"product_cat-introducting-books","8":"product_shipping_class-package-shipping","10":"first","11":"instock","12":"shipping-taxable","13":"purchasable","14":"product-type-simple"},"_links":{"self":[{"href":"https:\/\/www.ifis-iz.com\/fr\/wp-json\/wp\/v2\/product\/994","targetHints":{"allow":["GET"]}}],"collection":[{"href":"https:\/\/www.ifis-iz.com\/fr\/wp-json\/wp\/v2\/product"}],"about":[{"href":"https:\/\/www.ifis-iz.com\/fr\/wp-json\/wp\/v2\/types\/product"}],"version-history":[{"count":0,"href":"https:\/\/www.ifis-iz.com\/fr\/wp-json\/wp\/v2\/product\/994\/revisions"}],"wp:featuredmedia":[{"embeddable":true,"href":"https:\/\/www.ifis-iz.com\/fr\/wp-json\/wp\/v2\/media\/990"}],"wp:attachment":[{"href":"https:\/\/www.ifis-iz.com\/fr\/wp-json\/wp\/v2\/media?parent=994"}],"wp:term":[{"taxonomy":"product_brand","embeddable":true,"href":"https:\/\/www.ifis-iz.com\/fr\/wp-json\/wp\/v2\/product_brand?post=994"},{"taxonomy":"product_cat","embeddable":true,"href":"https:\/\/www.ifis-iz.com\/fr\/wp-json\/wp\/v2\/product_cat?post=994"},{"taxonomy":"product_tag","embeddable":true,"href":"https:\/\/www.ifis-iz.com\/fr\/wp-json\/wp\/v2\/product_tag?post=994"}],"curies":[{"name":"wp","href":"https:\/\/api.w.org\/{rel}","templated":true}]}}