{"id":988,"date":"2018-12-01T14:35:53","date_gmt":"2018-12-01T12:35:53","guid":{"rendered":"https:\/\/ifis-iz.com\/product\/das-benehmen-des-gottessuchers"},"modified":"2022-09-23T16:45:11","modified_gmt":"2022-09-23T16:45:11","slug":"das-benehmen-des-gottessuchers","status":"publish","type":"product","link":"https:\/\/www.ifis-iz.com\/fr\/produit\/das-benehmen-des-gottessuchers","title":{"rendered":"Das Benehmen des Gottessuchers"},"content":{"rendered":"<p>We are delighted to announce that IFIS&amp;IZ Publications has published a new book \u201cDas Benehmen des Gottessuchers\u201d (engl. The behavior of the God-seeker\u201d) as the first part of the series of Im\u0101m al-\u1e24add\u0101d. The series will include further books with translations of this precious Sufi-scholar.<\/p>\n<p>The preface is written by honorable Prof. Dr. H\u00fcseyin \u0130lker \u00c7\u0131nar Founding Director of the IFIS&amp;IZ. The translation from Arabic to German with additional remarks has been done by Dr. Martin Mahmud Kellner. The book enables the German speaking audience to learn more about the teachings of Im\u0101m al-\u1e24add\u0101d (d. 1720). He is recognized as one of the most important representatives of the Ba\u02bflawiyya Sufi-order.<\/p>\n","protected":false},"excerpt":{"rendered":"<p>We are delighted to announce that IFIS&amp;IZ Publications has published a new book \u201cDas Benehmen des Gottessuchers\u201d (engl. The behavior of the God-seeker\u201d) as the first part of the series of Im\u0101m al-\u1e24add\u0101d. The series will include further books with translations of this precious Sufi-scholar.<\/p>\n[elementor-template id=\"1916\"]\n","protected":false},"featured_media":984,"template":"","meta":[],"product_brand":[],"product_cat":[26,123],"product_tag":[],"class_list":{"0":"post-988","1":"product","2":"type-product","3":"status-publish","4":"has-post-thumbnail","6":"product_cat-general","7":"product_cat-series-of-imam-al-addad","8":"product_shipping_class-book-shipping","10":"first","11":"instock","12":"shipping-taxable","13":"purchasable","14":"product-type-simple"},"_links":{"self":[{"href":"https:\/\/www.ifis-iz.com\/fr\/wp-json\/wp\/v2\/product\/988","targetHints":{"allow":["GET"]}}],"collection":[{"href":"https:\/\/www.ifis-iz.com\/fr\/wp-json\/wp\/v2\/product"}],"about":[{"href":"https:\/\/www.ifis-iz.com\/fr\/wp-json\/wp\/v2\/types\/product"}],"version-history":[{"count":0,"href":"https:\/\/www.ifis-iz.com\/fr\/wp-json\/wp\/v2\/product\/988\/revisions"}],"wp:featuredmedia":[{"embeddable":true,"href":"https:\/\/www.ifis-iz.com\/fr\/wp-json\/wp\/v2\/media\/984"}],"wp:attachment":[{"href":"https:\/\/www.ifis-iz.com\/fr\/wp-json\/wp\/v2\/media?parent=988"}],"wp:term":[{"taxonomy":"product_brand","embeddable":true,"href":"https:\/\/www.ifis-iz.com\/fr\/wp-json\/wp\/v2\/product_brand?post=988"},{"taxonomy":"product_cat","embeddable":true,"href":"https:\/\/www.ifis-iz.com\/fr\/wp-json\/wp\/v2\/product_cat?post=988"},{"taxonomy":"product_tag","embeddable":true,"href":"https:\/\/www.ifis-iz.com\/fr\/wp-json\/wp\/v2\/product_tag?post=988"}],"curies":[{"name":"wp","href":"https:\/\/api.w.org\/{rel}","templated":true}]}}