{"id":1000,"date":"2018-12-01T14:54:29","date_gmt":"2018-12-01T12:54:29","guid":{"rendered":"https:\/\/ifis-iz.com\/product\/goenuel-yazilari"},"modified":"2022-09-23T16:45:11","modified_gmt":"2022-09-23T16:45:11","slug":"goenuel-yazilari","status":"publish","type":"product","link":"https:\/\/www.ifis-iz.com\/fr\/produit\/goenuel-yazilari","title":{"rendered":"G\u00f6n\u00fcl Yaz\u0131lar\u0131"},"content":{"rendered":"<p>The new book has been a result of longstanding and intensive scientific research of honourable Prof. Dr. H\u00fcseyin \u0130lker \u00c7\u0131nar. As the subtitle \u201cSufism and a Noble Character in the light of the Qur\u2019an and the Hadith\u201d implies the content of the book has been edited in consideration of the primary sources of Islam, the Qur\u2019an and the ahadith. Depending on the specific topics honourable Prof. Dr. H\u00fcseyin \u0130lker \u00c7\u0131nar provides to the reader a broad view including classic and modern sources and issuing relevant Islamic scientific disciplines i.e. doctrines of faith, sufism, or Islamic jurisprudence.<br \/>\nThe book outlines an understanding of sufism in which science and wisdom, sincerity and benevolence, a noble character and thoughtfulness are prime, far from superficiality and superciliousness, purposeful and without harming the Ummah consciousness. Honourable Prof. Dr. H\u00fcseyin \u0130lker \u00c7\u0131nar issues the problems of Sufi-movements which have been developed under the umbrella of Tar\u012bqa and Sufism apparently to political and business organizations. Moreover, it is presented, how these movements have diverged from the core of Sufism and showing solutions based on the principles of Sufism how to escape from this trap.<br \/>\nWith an academic style the book is structured in an introduction and four main parts including different articles, embracing the soul and mind of the reader. Each article comprises the wisdom and knowledge and covers different topics on Sufism and related views of essential scholars and the wise. In the articles are written preferring the definition of a noble character, the essence of men, and the path to a benign heart. To find a response on the question of what is and what is not Sufism, the books has predominantly benefitted from the sources of the Qur\u2019an and the Hadith. The relevant imperative classic sources of various disciplines of the Islamic theology have been adapted while room has also given to modern Western sources.<\/p>\n","protected":false},"excerpt":{"rendered":"<p>IFIS&amp;IZ Publications with its precious contributions to science, wisdom and culture is delighted to announce the latest release of honourable Prof. Dr. H\u00fcseyin \u0130lker \u00c7\u0131nar (Turkish publication): \u201cWritings from the Heart \u2013 Sufism and a Noble Character in the light of the Qur\u2019an and the Ahadith\u201d (in Turkish: G\u00f6n\u00fcl Yaz\u0131lar\u0131. Kur\u2019\u00e2n-\u0131 Ker\u00eem ve Had\u00ees-i \u015eer\u00eefler I\u015f\u0131\u011f\u0131nda Tasavvuf ve G\u00fczel Ahl\u00e2k).<\/p>\n[elementor-template id=\"1927\"]\n","protected":false},"featured_media":996,"template":"","meta":[],"product_brand":[],"product_cat":[26,128],"product_tag":[],"class_list":{"0":"post-1000","1":"product","2":"type-product","3":"status-publish","4":"has-post-thumbnail","6":"product_cat-general","7":"product_cat-sufism-and-a-noble-character","8":"product_shipping_class-book-shipping","10":"first","11":"instock","12":"shipping-taxable","13":"purchasable","14":"product-type-simple"},"_links":{"self":[{"href":"https:\/\/www.ifis-iz.com\/fr\/wp-json\/wp\/v2\/product\/1000","targetHints":{"allow":["GET"]}}],"collection":[{"href":"https:\/\/www.ifis-iz.com\/fr\/wp-json\/wp\/v2\/product"}],"about":[{"href":"https:\/\/www.ifis-iz.com\/fr\/wp-json\/wp\/v2\/types\/product"}],"version-history":[{"count":0,"href":"https:\/\/www.ifis-iz.com\/fr\/wp-json\/wp\/v2\/product\/1000\/revisions"}],"wp:featuredmedia":[{"embeddable":true,"href":"https:\/\/www.ifis-iz.com\/fr\/wp-json\/wp\/v2\/media\/996"}],"wp:attachment":[{"href":"https:\/\/www.ifis-iz.com\/fr\/wp-json\/wp\/v2\/media?parent=1000"}],"wp:term":[{"taxonomy":"product_brand","embeddable":true,"href":"https:\/\/www.ifis-iz.com\/fr\/wp-json\/wp\/v2\/product_brand?post=1000"},{"taxonomy":"product_cat","embeddable":true,"href":"https:\/\/www.ifis-iz.com\/fr\/wp-json\/wp\/v2\/product_cat?post=1000"},{"taxonomy":"product_tag","embeddable":true,"href":"https:\/\/www.ifis-iz.com\/fr\/wp-json\/wp\/v2\/product_tag?post=1000"}],"curies":[{"name":"wp","href":"https:\/\/api.w.org\/{rel}","templated":true}]}}