{"id":995,"date":"2018-12-01T14:54:29","date_gmt":"2018-12-01T12:54:29","guid":{"rendered":"https:\/\/ifis-iz.com\/product\/goenuel-yazilari"},"modified":"2022-12-10T15:11:01","modified_gmt":"2022-12-10T13:11:01","slug":"goenuel-yazilari","status":"publish","type":"product","link":"https:\/\/www.ifis-iz.com\/de\/produkt\/goenuel-yazilari","title":{"rendered":"G\u00f6n\u00fcl Yaz\u0131lar\u0131"},"content":{"rendered":"<p>Das Werk ist das Ergebnis jahrelanger wissenschaftlicher und akribischer Forschungsarbeit, welches seine Themen \u2013 wie aus dem Untertitel hervorgeht \u2013 vordergr\u00fcndig im Lichte der beiden islamischen Hauptquellen, Koran und Prophetentradition (a\u1e25\u0101d\u012b\u1e6f), sowie einschl\u00e4giger Kommentarwerke behandelt. Je nach Themenschwerpunkte wurden die einzelnen Buchabschnitte aber auch unter Heranziehung klassischer und zeitgen\u00f6ssischer Literatur zu den \u00fcbrigen islamischen Wissenschaftsdisziplinen (Glaubenslehre\/Dogmatik, Sufismus, Rechtslehre etc.) beleuchtet. Das Werk zielt im Wesentlichen darauf ab, ein authentisches Verst\u00e4ndnis vom Sufismus (ta\u1e63awwuf) nachzuzeichnen. Prof. Dr. \u00c7\u0131nar zufolge besteht dieser in der Ausbildung eines vorz\u00fcglichen Charakters, ist von Wissenschaft, Erkenntnis, Aufrichtigkeit, Rechtschaffenheit sowie Weisheit gepr\u00e4gt und beinhaltet die g\u00e4nzliche Ausrichtung des Lebens auf das Wohlgefallen Gottes. Gleichzeitig ist er fern von jeglicher Mache, Oberfl\u00e4chlichkeit sowie abergl\u00e4ubischen Vorstellung und verletzt in keiner Weise die Einheit der muslimischen Gemeinschaft (umma). Im Zuge der Darstellungen werden in dem Werk die Probleme, Fehltritte und Abirrungen angesprochen, die im weit verbreiteten Sufismusverst\u00e4ndnis und bei vielen vermeintlichen sufischen Gruppierungen zu erkennen sind. Dabei stellt Prof. Dr. \u00c7\u0131nar fest, dass Gruppierungen, die unter dem Deckmantel des Sufismus und des Sufi-Pfades wie politische und wirtschaftliche Institutionen agieren, von der Quintessenz des authentischen Sufismus abgekommen sind. Das Werk versucht zwischen den Zeilen erfolgversprechende Wege aufzuzeigen, um von diesen Entgleisungen wieder auf den rechten Pfad zur\u00fcckzukehren.<\/p>\n<p>Das wissenschaftlich angelegte Werk, das stilistisch sowohl den Verstand als auch das Herz des Lesers anspricht, setzt sich zusammen aus mehreren Aufs\u00e4tzen, die sich thematisch in unterschiedliche islamische Disziplinen zuordnen lassen und jeweils von Wissenschaft, Erkenntnis und Weisheit zeugen. W\u00e4hrend im Vorwort und in der Einleitung diverse Fragen zur islamischen Mystik unter Ber\u00fccksichtigung der Ansichten bedeutender Sufi-Gelehrten problematisiert und besprochen werden, handeln die nach Sinneinheiten in vier Kapiteln gegliederten Aufs\u00e4tze \u2013 soweit die jeweiligen Themen es zulassen \u2013 schwerpunktm\u00e4\u00dfig vom sch\u00f6nen Charakter und der spirituellen Reise des Menschen zur Selbsterkenntnis sowie zur Erlangung eines reinen und gesunden Herzens. Das Werk, das im Allgemeinen der Frage nachgeht, was Sufismus ist und was er nicht ist, wurde auf der Grundlage von Koran und Propheten\u00fcberlieferungen unter Heranziehung klassischer Quellen und Kommentarwerke abgefasst, aber auch die zeitgen\u00f6ssische Literatur muslimischer Theologen und westlicher Wissenschaftler wurde dabei weitgehend ber\u00fccksichtigt.<\/p>\n","protected":false},"excerpt":{"rendered":"<p>Mit der t\u00fcrkischsprachigen Publikation \u201eSchriften des Herzens. Sufismus und vorz\u00fcglicher Charakter im Lichte des Korans und der Propheten\u00fcberlieferungen\u201c (t\u00fcrk. G\u00f6n\u00fcl Yaz\u0131lar\u0131. Kur\u2019\u00e2n-\u0131 Ker\u00eem ve Had\u00ees-i \u015eer\u00eefler I\u015f\u0131\u011f\u0131nda Tasavvuf ve G\u00fczel Ahl\u00e2k) von Prof. Dr. H\u00fcseyin \u0130lker \u00c7\u0131nar pr\u00e4sentiert IFIS&#038;IZ Publications einen weiteren Buchtitel, der einen wichtigen Beitrag f\u00fcr Wissenschaft und Kultur leistet.<\/p>\n[elementor-template id=\"987\"]\n","protected":false},"featured_media":996,"template":"","meta":[],"product_brand":[],"product_cat":[151,27],"product_tag":[],"class_list":{"0":"post-995","1":"product","2":"type-product","3":"status-publish","4":"has-post-thumbnail","6":"product_cat-sufismus-und-vorzuglicher-charakter","7":"product_cat-allgemein","9":"first","10":"instock","11":"shipping-taxable","12":"purchasable","13":"product-type-simple"},"_links":{"self":[{"href":"https:\/\/www.ifis-iz.com\/de\/wp-json\/wp\/v2\/product\/995","targetHints":{"allow":["GET"]}}],"collection":[{"href":"https:\/\/www.ifis-iz.com\/de\/wp-json\/wp\/v2\/product"}],"about":[{"href":"https:\/\/www.ifis-iz.com\/de\/wp-json\/wp\/v2\/types\/product"}],"version-history":[{"count":0,"href":"https:\/\/www.ifis-iz.com\/de\/wp-json\/wp\/v2\/product\/995\/revisions"}],"wp:featuredmedia":[{"embeddable":true,"href":"https:\/\/www.ifis-iz.com\/de\/wp-json\/wp\/v2\/media\/996"}],"wp:attachment":[{"href":"https:\/\/www.ifis-iz.com\/de\/wp-json\/wp\/v2\/media?parent=995"}],"wp:term":[{"taxonomy":"product_brand","embeddable":true,"href":"https:\/\/www.ifis-iz.com\/de\/wp-json\/wp\/v2\/product_brand?post=995"},{"taxonomy":"product_cat","embeddable":true,"href":"https:\/\/www.ifis-iz.com\/de\/wp-json\/wp\/v2\/product_cat?post=995"},{"taxonomy":"product_tag","embeddable":true,"href":"https:\/\/www.ifis-iz.com\/de\/wp-json\/wp\/v2\/product_tag?post=995"}],"curies":[{"name":"wp","href":"https:\/\/api.w.org\/{rel}","templated":true}]}}