{"id":989,"date":"2018-12-01T14:46:05","date_gmt":"2018-12-01T12:46:05","guid":{"rendered":"https:\/\/ifis-iz.com\/product\/koranwissenschaften-und-koranexegese"},"modified":"2023-02-02T08:33:22","modified_gmt":"2023-02-02T06:33:22","slug":"koranwissenschaften-und-koranexegese","status":"publish","type":"product","link":"https:\/\/www.ifis-iz.com\/de\/produkt\/koranwissenschaften-und-koranexegese","title":{"rendered":"Koranwissenschaften und Koranexegese"},"content":{"rendered":"<p>Mit gro\u00dfer Freude pr\u00e4sentiert IFIS&amp;IZ Publications einen weiteren Buchtitel. Das Werk \u201eKoranwissenschaften und Koranexegese: Eine Einf\u00fchrung\u201c mit einem Umfang von 601 Seiten ist der erste Band der Reihe \u201eEinf\u00fchrungen und Grundrisse\u201c, in deren Rahmen weitere akademische Grundlagenwerke \u00fcber die verschiedenen Bereiche der islamischen Theologie publiziert werden sollen. Prof. Dr. H\u00fcseyin \u0130lker \u00c7\u0131nar (Lehrstuhlinhaber f\u00fcr Koranwissenschaften an der Universit\u00e4t Osnabr\u00fcck sowie Gr\u00fcndungsdirektor des IFIS&amp;IZ) geht in seinem neuen Buch nach einer allgemeinen Einf\u00fchrung in den Koran und seiner Genese auf die einzelnen koranwissenschaftlichen Disziplinen (\u02bful\u016bm al-qur\u02be\u0101n) ein und bietet anhand exemplarischer Textbeispiele einen Einblick in die muslimische Koranauslegung (tafs\u012br).<\/p>\n<p>Das Werk, bei dessen Anfertigung sowohl die Ansichten muslimischer Theologen als auch die der westlichen Wissenschaftler ber\u00fccksichtigt wurden, bietet im deutschen Sprachraum erstmals eine wissenschaftliche und umfassende Untersuchung zu den fundamentalen Wissenschaften der Koranexegese aus einer akademisch-theologischen Perspektive und eignet sich daher mit seiner studienfreundlichen Konzeption auch hervorragend als Lehrbuch f\u00fcr Studierende der Islamischen Theologie und Religionsp\u00e4dagogik.<\/p>\n","protected":false},"excerpt":{"rendered":"<p>Das Werk, bei dessen Anfertigung sowohl die Ansichten muslimischer Theologen als auch die der westlichen Wissenschaftler ber\u00fccksichtigt wurden, bietet im deutschen Sprachraum erstmals eine wissenschaftliche und umfassende Untersuchung zu den fundamentalen Wissenschaften der Koranexegese aus einer akademisch-theologischen Perspektive und eignet sich daher mit seiner studienfreundlichen Konzeption auch hervorragend als Lehrbuch f\u00fcr Studierende der Islamischen Theologie und Religionsp\u00e4dagogik.<\/p>\n[elementor-template id=\"967\"]\n","protected":false},"featured_media":990,"template":"","meta":[],"product_brand":[],"product_cat":[27,137],"product_tag":[],"class_list":{"0":"post-989","1":"product","2":"type-product","3":"status-publish","4":"has-post-thumbnail","6":"product_cat-allgemein","7":"product_cat-einfuhrungen-und-grundrisse","9":"first","10":"instock","11":"shipping-taxable","12":"purchasable","13":"product-type-simple"},"_links":{"self":[{"href":"https:\/\/www.ifis-iz.com\/de\/wp-json\/wp\/v2\/product\/989","targetHints":{"allow":["GET"]}}],"collection":[{"href":"https:\/\/www.ifis-iz.com\/de\/wp-json\/wp\/v2\/product"}],"about":[{"href":"https:\/\/www.ifis-iz.com\/de\/wp-json\/wp\/v2\/types\/product"}],"version-history":[{"count":0,"href":"https:\/\/www.ifis-iz.com\/de\/wp-json\/wp\/v2\/product\/989\/revisions"}],"wp:featuredmedia":[{"embeddable":true,"href":"https:\/\/www.ifis-iz.com\/de\/wp-json\/wp\/v2\/media\/990"}],"wp:attachment":[{"href":"https:\/\/www.ifis-iz.com\/de\/wp-json\/wp\/v2\/media?parent=989"}],"wp:term":[{"taxonomy":"product_brand","embeddable":true,"href":"https:\/\/www.ifis-iz.com\/de\/wp-json\/wp\/v2\/product_brand?post=989"},{"taxonomy":"product_cat","embeddable":true,"href":"https:\/\/www.ifis-iz.com\/de\/wp-json\/wp\/v2\/product_cat?post=989"},{"taxonomy":"product_tag","embeddable":true,"href":"https:\/\/www.ifis-iz.com\/de\/wp-json\/wp\/v2\/product_tag?post=989"}],"curies":[{"name":"wp","href":"https:\/\/api.w.org\/{rel}","templated":true}]}}