{"id":983,"date":"2018-12-01T14:35:53","date_gmt":"2018-12-01T12:35:53","guid":{"rendered":"https:\/\/ifis-iz.com\/product\/das-benehmen-des-gottessuchers"},"modified":"2022-12-10T15:11:18","modified_gmt":"2022-12-10T13:11:18","slug":"das-benehmen-des-gottessuchers","status":"publish","type":"product","link":"https:\/\/www.ifis-iz.com\/de\/produkt\/das-benehmen-des-gottessuchers","title":{"rendered":"Das Benehmen des Gottessuchers"},"content":{"rendered":"<p>Mit gro\u00dfer Freude pr\u00e4sentiert IFIS&amp;IZ Publications eine weitere Buchver\u00f6ffentlichung. Das Werk mit dem Titel \u201eDas Benehmen des Gottessuchers\u201c ist der erste Band der Reihe \u201eSchriften des Im\u0101m al-\u1e24add\u0101d\u201c, in deren Rahmen weitere Werke dieses bedeutenden Sufi-Gelehrten \u00fcbersetzt und publiziert werden sollen.<\/p>\n<p>Das Buch, welches mit einem Vorwort von Herrn Prof. Dr. H\u00fcseyin \u0130lker \u00c7\u0131nar (IFIS&amp;IZ Mannheim \/ Universit\u00e4t Osnabr\u00fcck) eingeleitet wird, ist von Herrn Dr. Martin Mahmud Kellner aus dem Arabischen ins Deutsche \u00fcbersetzt und mit Anmerkungen versehen worden. F\u00fcr die deutschsprachige Leserschaft hat sich durch diese \u00dcbersetzung erstmals die M\u00f6glichkeit ergeben, Im\u0101m al-\u1e24add\u0101d anhand eines seiner Werke kennenzulernen. Im\u0101m al-\u1e24add\u0101d (gest. 1720), dessen zahlreiche Werke bereits in verschiedene andere Sprachen \u00fcbertragen wurden, gilt als einer der bedeutendsten Vertreter des international verbreiteten Ba\u02bflawiyya-Sufiordens.<\/p>\n","protected":false},"excerpt":{"rendered":"<p>Das Buch ist das erste Band der Reihe \u201eSchriften des Im\u0101m al-\u1e24add\u0101d\u201c, in deren Rahmen weitere Werke dieses bedeutenden Sufi-Gelehrten \u00fcbersetzt und publiziert werden sollen.<\/p>\n[elementor-template id=\"946\"]\n","protected":false},"featured_media":984,"template":"","meta":[],"product_brand":[],"product_cat":[150,27],"product_tag":[],"class_list":{"0":"post-983","1":"product","2":"type-product","3":"status-publish","4":"has-post-thumbnail","6":"product_cat-schriften-des-imam-al-addad","7":"product_cat-allgemein","9":"first","10":"instock","11":"shipping-taxable","12":"purchasable","13":"product-type-simple"},"_links":{"self":[{"href":"https:\/\/www.ifis-iz.com\/de\/wp-json\/wp\/v2\/product\/983","targetHints":{"allow":["GET"]}}],"collection":[{"href":"https:\/\/www.ifis-iz.com\/de\/wp-json\/wp\/v2\/product"}],"about":[{"href":"https:\/\/www.ifis-iz.com\/de\/wp-json\/wp\/v2\/types\/product"}],"version-history":[{"count":0,"href":"https:\/\/www.ifis-iz.com\/de\/wp-json\/wp\/v2\/product\/983\/revisions"}],"wp:featuredmedia":[{"embeddable":true,"href":"https:\/\/www.ifis-iz.com\/de\/wp-json\/wp\/v2\/media\/984"}],"wp:attachment":[{"href":"https:\/\/www.ifis-iz.com\/de\/wp-json\/wp\/v2\/media?parent=983"}],"wp:term":[{"taxonomy":"product_brand","embeddable":true,"href":"https:\/\/www.ifis-iz.com\/de\/wp-json\/wp\/v2\/product_brand?post=983"},{"taxonomy":"product_cat","embeddable":true,"href":"https:\/\/www.ifis-iz.com\/de\/wp-json\/wp\/v2\/product_cat?post=983"},{"taxonomy":"product_tag","embeddable":true,"href":"https:\/\/www.ifis-iz.com\/de\/wp-json\/wp\/v2\/product_tag?post=983"}],"curies":[{"name":"wp","href":"https:\/\/api.w.org\/{rel}","templated":true}]}}