{"id":978,"date":"2018-12-01T14:04:28","date_gmt":"2018-12-01T12:04:28","guid":{"rendered":"https:\/\/ifis-iz.com\/product\/spiritualitaet-in-religion-und-kultur"},"modified":"2023-02-02T08:33:32","modified_gmt":"2023-02-02T06:33:32","slug":"spiritualitaet-in-religion-und-kultur","status":"publish","type":"product","link":"https:\/\/www.ifis-iz.com\/de\/produkt\/spiritualitaet-in-religion-und-kultur","title":{"rendered":"Spiritualit\u00e4t in Religion und Kultur"},"content":{"rendered":"<p>Wir freuen uns Ihnen unsere erste Publikation zu pr\u00e4sentieren. Mit der Tagungspublikation \u201eSpiritualit\u00e4t in Religion und Kultur\u201c, herausgegeben von Prof. Dr. H\u00fcseyin \u0130lker \u00c7\u0131nar und Prof. Dr. Dr. Raif Georges Khoury, hat das IFIS&#038;IZ seine verlegerische Arbeit unter dem Verlag \u201eIFIS&#038;IZ Publications\u201c aufgenommen.<\/p>\n<p>Die Tagungspublikation beruht auf dem gleichbetitelten Symposium vom 2. bis 4. Juni 2011 und umfasst Beitr\u00e4ge von mehr als zwanzig Wissenschaftlern aus dem Orient und Okzident, darunter S\u00fcleyman Uluda\u011f, Edmund Weber, Miklos Muranyi, Merdan G\u00fcne\u015f, Georges Hobeika, Mariette Fayad, Mevl\u00fct G\u00fcng\u00f6r, Concepci\u00f3n Castillo Castillo, Dirk Ansorge, Hassan Majeed Alobaidy, Krzysztof Ko\u015bcielniak, H\u00fcseyin Ya\u015far etc.<\/p>\n","protected":false},"excerpt":{"rendered":"<p>Die Tagungspublikation beruht auf dem gleichbetitelten Symposium vom 2. bis 4. Juni 2011 und umfasst Beitr\u00e4ge von mehr als zwanzig Wissenschaftlern aus dem Orient und Okzident.<\/p>\n[elementor-template id=\"976\"]\n","protected":false},"featured_media":979,"template":"","meta":[],"product_brand":[],"product_cat":[27,135],"product_tag":[],"class_list":{"0":"post-978","1":"product","2":"type-product","3":"status-publish","4":"has-post-thumbnail","6":"product_cat-allgemein","7":"product_cat-tagungspublikationen","9":"first","10":"instock","11":"shipping-taxable","12":"purchasable","13":"product-type-simple"},"_links":{"self":[{"href":"https:\/\/www.ifis-iz.com\/de\/wp-json\/wp\/v2\/product\/978","targetHints":{"allow":["GET"]}}],"collection":[{"href":"https:\/\/www.ifis-iz.com\/de\/wp-json\/wp\/v2\/product"}],"about":[{"href":"https:\/\/www.ifis-iz.com\/de\/wp-json\/wp\/v2\/types\/product"}],"version-history":[{"count":0,"href":"https:\/\/www.ifis-iz.com\/de\/wp-json\/wp\/v2\/product\/978\/revisions"}],"wp:featuredmedia":[{"embeddable":true,"href":"https:\/\/www.ifis-iz.com\/de\/wp-json\/wp\/v2\/media\/979"}],"wp:attachment":[{"href":"https:\/\/www.ifis-iz.com\/de\/wp-json\/wp\/v2\/media?parent=978"}],"wp:term":[{"taxonomy":"product_brand","embeddable":true,"href":"https:\/\/www.ifis-iz.com\/de\/wp-json\/wp\/v2\/product_brand?post=978"},{"taxonomy":"product_cat","embeddable":true,"href":"https:\/\/www.ifis-iz.com\/de\/wp-json\/wp\/v2\/product_cat?post=978"},{"taxonomy":"product_tag","embeddable":true,"href":"https:\/\/www.ifis-iz.com\/de\/wp-json\/wp\/v2\/product_tag?post=978"}],"curies":[{"name":"wp","href":"https:\/\/api.w.org\/{rel}","templated":true}]}}