{"id":4655,"date":"2022-12-10T13:41:38","date_gmt":"2022-12-10T11:41:38","guid":{"rendered":"https:\/\/www.ifis-iz.com\/?post_type=product&#038;p=4655"},"modified":"2024-10-08T17:09:20","modified_gmt":"2024-10-08T15:09:20","slug":"koranwissenschaften-ulum-al-quran","status":"publish","type":"product","link":"https:\/\/www.ifis-iz.com\/de\/produkt\/koranwissenschaften-ulum-al-quran","title":{"rendered":"Koranwissenschaften. \u02bfUl\u016bm al-Qur\u02be\u0101n"},"content":{"rendered":"<p>Prof. Dr. H\u00fcseyin \u0130lker \u00c7\u0131nar (Gr\u00fcndungsdirektor und Leiter des IFIS&amp;IZ) befasst sich in seinem neuen Buch mit der Frage, welche Qualifikationen und Anforderungen f\u00fcr ein fachgerechtes Verstehen und zeitgem\u00e4\u00dfes Deuten des Korantextes zu erf\u00fcllen und welche Methoden und Wissenschaften f\u00fcr einen hermeneutisch richtigen Umgang mit dem Koran anzuwenden sind. Zur Beantwortung dieser Frage werden nach einer allgemeinen Einf\u00fchrung in den Koran und seiner Textgenese die wichtigsten koranwissenschaftlichen Disziplinen (<em>\u02bful\u016bm al-qur\u02be\u0101n<\/em>) innerhalb von 26 Kapiteln im Lichte klassischer und zeitgen\u00f6ssischer Quellen eingehend behandelt. Das Werk, welches das Ergebnis jahrelanger intensiver Forschung darstellt, ist die bislang umfangreichste Abhandlung zu den Koranwissenschaften aus einer akademisch-theologischen Perspektive im deutschen Sprachraum, eignet sich mit ihrer studienfreundlichen Konzeption aber auch hervorragend f\u00fcr Studierende der Islamischen Theologie, Religionsp\u00e4dagogik und Islamwissenschaften.<\/p>\n","protected":false},"excerpt":{"rendered":"<p>Mit gro\u00dfer Freude pr\u00e4sentiert IFIS&amp;IZ Publications einen weiteren Buchtitel. Das Werk \u201eKoranwissenschaften.\u00a0 \u02bfUl\u016bm al-Qur\u02be\u0101n\u201c mit einem Umfang von 676 Seiten ist der erste Band der Reihe \u201eStudien zum Koran und seiner Auslegung\u201c, in deren Rahmen weitere akademische Forschungsarbeiten \u00fcber den Koran und seine Exegese publiziert werden sollen.<\/p>\n","protected":false},"featured_media":4661,"template":"","meta":[],"product_brand":[],"product_cat":[239,27],"product_tag":[],"class_list":{"0":"post-4655","1":"product","2":"type-product","3":"status-publish","4":"has-post-thumbnail","6":"product_cat-studien-zum-koran-und-seiner-auslegung","7":"product_cat-allgemein","8":"product_shipping_class-packetversand","10":"first","11":"instock","12":"shipping-taxable","13":"purchasable","14":"product-type-simple"},"_links":{"self":[{"href":"https:\/\/www.ifis-iz.com\/de\/wp-json\/wp\/v2\/product\/4655","targetHints":{"allow":["GET"]}}],"collection":[{"href":"https:\/\/www.ifis-iz.com\/de\/wp-json\/wp\/v2\/product"}],"about":[{"href":"https:\/\/www.ifis-iz.com\/de\/wp-json\/wp\/v2\/types\/product"}],"version-history":[{"count":0,"href":"https:\/\/www.ifis-iz.com\/de\/wp-json\/wp\/v2\/product\/4655\/revisions"}],"wp:featuredmedia":[{"embeddable":true,"href":"https:\/\/www.ifis-iz.com\/de\/wp-json\/wp\/v2\/media\/4661"}],"wp:attachment":[{"href":"https:\/\/www.ifis-iz.com\/de\/wp-json\/wp\/v2\/media?parent=4655"}],"wp:term":[{"taxonomy":"product_brand","embeddable":true,"href":"https:\/\/www.ifis-iz.com\/de\/wp-json\/wp\/v2\/product_brand?post=4655"},{"taxonomy":"product_cat","embeddable":true,"href":"https:\/\/www.ifis-iz.com\/de\/wp-json\/wp\/v2\/product_cat?post=4655"},{"taxonomy":"product_tag","embeddable":true,"href":"https:\/\/www.ifis-iz.com\/de\/wp-json\/wp\/v2\/product_tag?post=4655"}],"curies":[{"name":"wp","href":"https:\/\/api.w.org\/{rel}","templated":true}]}}