{"id":1007,"date":"2020-07-05T11:28:30","date_gmt":"2020-07-05T11:28:30","guid":{"rendered":"https:\/\/ifis-iz.com\/product\/at-tasawwuf-wa-l-ahlaq-al-hamida"},"modified":"2024-10-08T17:09:20","modified_gmt":"2024-10-08T15:09:20","slug":"at-tasawwuf-wa-l-ahlaq-al-hamida","status":"publish","type":"product","link":"https:\/\/www.ifis-iz.com\/de\/produkt\/at-tasawwuf-wa-l-ahlaq-al-hamida","title":{"rendered":"at-Ta\u1e63awwuf wa-l-a\u1e2bl\u0101q al-\u1e25am\u012bda f\u012b \u1e0dau\u02be al-Qur\u02be\u0101n wa-s-sunna"},"content":{"rendered":"<p class=\"p1\"><span class=\"s1\">Diese Ver\u00f6ffentlichung ist die arabischsprachige Ausgabe des Buches \u201eSchriften des Herzens \u2013 Sufismus und vorz\u00fcglicher Charakter im Lichte des Korans und der Propheten\u00fcberlieferungen\u201d (t\u00fcrk. G\u00f6n\u00fcl Yaz\u0131lar\u0131 \u2013 Kur\u2019an-\u0131 Ker\u00eem ve Had\u00ees-i \u015eerifler I\u015f\u0131\u011f\u0131nda Tasavvuf ve G\u00fczel Ahl\u00e2k) von Prof. Dr. H\u00fcseyin \u0130lker \u00c7\u0131nar (Gr\u00fcndungsdirektor des IFIS&amp;IZ). Herausgegeben wird das Buch in Kooperation mit dem f\u00fchrenden und bekannten Verlag f\u00fcr akademische Lekt\u00fcre zum Islam in der arabisch-islamischen Welt, Darussalam Publishers (Kairo, \u00c4gypten). Die \u00dcbersetzungsarbeiten wurden von einem ausgewiesenen Experten der arabischen und t\u00fcrkischen Sprache Dr. H\u0101n\u012b \u0160ukr\u012b \u02bfAbd al-\u0120af\u016br<span class=\"Apple-converted-space\">\u00a0 <\/span>(Al-Azhar-Universit\u00e4t, Dozent an der Fakult\u00e4t f\u00fcr Fremdsprachen) durchgef\u00fchrt. Mit der Ver\u00f6ffentlichung der arabischen Ausgabe und der Kooperation mit Darussalam Publishers erweitert der in Mannheim ans\u00e4ssige Verlag IFIS&amp;IZ Publications die Reichweite seiner akademischen Publikationsarbeit in nun drei Sprachen (deutsch, t\u00fcrkisch und arabisch).<\/span><\/p>\n<p class=\"p1\"><span class=\"s1\">Das Werk ist das Ergebnis jahrelanger wissenschaftlicher und akribischer Forschungsarbeit, welches seine Themen \u2013 wie aus dem Untertitel hervorgeht \u2013 vordergr\u00fcndig im Lichte der beiden islamischen Hauptquellen, Koran und Prophetentradition (a\u1e25\u0101d\u012b\u1e6f), sowie einschl\u00e4giger Kommentarwerke behandelt. Je nach Themenschwerpunkte wurden die einzelnen Buchabschnitte aber auch unter Heranziehung klassischer und zeitgen\u00f6ssischer Literatur zu den \u00fcbrigen islamischen Wissenschaftsdisziplinen (Glaubenslehre\/Dogmatik, Sufismus, Rechtslehre etc.) beleuchtet. Das Werk zielt im Wesentlichen darauf ab, ein authentisches Verst\u00e4ndnis des Sufismus (ta\u1e63awwuf) nachzuzeichnen. Prof. Dr. \u00c7\u0131nar zufolge besteht dieser in der Ausbildung eines vorz\u00fcglichen Charakters, ist von Wissenschaft, Erkenntnis, Aufrichtigkeit, Rechtschaffenheit sowie Weisheit gepr\u00e4gt und beinhaltet die g\u00e4nzliche Ausrichtung des Lebens auf das Wohlgefallen Gottes. <\/span><\/p>\n","protected":false},"excerpt":{"rendered":"<p class=\"p1\">Diese Publikation ist die arabische Ausgabe des Werkes \u201eG\u00f6n\u00fcl Yaz\u0131lar\u0131\u201c von Prof. Dr. H\u00fcseyin \u0130lker \u00c7\u0131nar. Das Werk zielt im Wesentlichen darauf ab, ein authentisches Verst\u00e4ndnis des Sufismus (ta\u1e63awwuf) nachzuzeichnen. Prof. Dr. \u00c7\u0131nar zufolge besteht dieser in der Ausbildung eines vorz\u00fcglichen Charakters, ist von Wissenschaft, Erkenntnis, Aufrichtigkeit, Rechtschaffenheit sowie Weisheit gepr\u00e4gt und beinhaltet die g\u00e4nzliche Ausrichtung des Lebens auf das Wohlgefallen Gottes<\/p>\n","protected":false},"featured_media":1008,"template":"","meta":[],"product_brand":[],"product_cat":[27,140],"product_tag":[],"class_list":{"0":"post-1007","1":"product","2":"type-product","3":"status-publish","4":"has-post-thumbnail","6":"product_cat-allgemein","7":"product_cat-------de","9":"first","10":"instock","11":"shipping-taxable","12":"purchasable","13":"product-type-simple"},"_links":{"self":[{"href":"https:\/\/www.ifis-iz.com\/de\/wp-json\/wp\/v2\/product\/1007","targetHints":{"allow":["GET"]}}],"collection":[{"href":"https:\/\/www.ifis-iz.com\/de\/wp-json\/wp\/v2\/product"}],"about":[{"href":"https:\/\/www.ifis-iz.com\/de\/wp-json\/wp\/v2\/types\/product"}],"version-history":[{"count":0,"href":"https:\/\/www.ifis-iz.com\/de\/wp-json\/wp\/v2\/product\/1007\/revisions"}],"wp:featuredmedia":[{"embeddable":true,"href":"https:\/\/www.ifis-iz.com\/de\/wp-json\/wp\/v2\/media\/1008"}],"wp:attachment":[{"href":"https:\/\/www.ifis-iz.com\/de\/wp-json\/wp\/v2\/media?parent=1007"}],"wp:term":[{"taxonomy":"product_brand","embeddable":true,"href":"https:\/\/www.ifis-iz.com\/de\/wp-json\/wp\/v2\/product_brand?post=1007"},{"taxonomy":"product_cat","embeddable":true,"href":"https:\/\/www.ifis-iz.com\/de\/wp-json\/wp\/v2\/product_cat?post=1007"},{"taxonomy":"product_tag","embeddable":true,"href":"https:\/\/www.ifis-iz.com\/de\/wp-json\/wp\/v2\/product_tag?post=1007"}],"curies":[{"name":"wp","href":"https:\/\/api.w.org\/{rel}","templated":true}]}}