{"id":3645,"date":"2022-09-07T11:24:11","date_gmt":"2022-09-07T11:24:11","guid":{"rendered":"https:\/\/www.ifis-iz.com\/ueber-uns"},"modified":"2022-09-24T09:36:56","modified_gmt":"2022-09-24T09:36:56","slug":"ueber-uns","status":"publish","type":"page","link":"https:\/\/www.ifis-iz.com\/de\/ueber-uns","title":{"rendered":"\u00dcber uns"},"content":{"rendered":"\t\t<div data-elementor-type=\"wp-page\" data-elementor-id=\"3645\" class=\"elementor elementor-3645 elementor-68\" data-elementor-post-type=\"page\">\n\t\t\t\t\t\t<section class=\"elementor-section elementor-top-section elementor-element elementor-element-ac17948 elementor-section-full_width elementor-section-height-default elementor-section-height-default\" data-id=\"ac17948\" data-element_type=\"section\" data-e-type=\"section\" data-settings=\"{&quot;background_background&quot;:&quot;classic&quot;}\">\n\t\t\t\t\t\t\t<div class=\"elementor-background-overlay\"><\/div>\n\t\t\t\t\t\t\t<div class=\"elementor-container elementor-column-gap-default\">\n\t\t\t\t\t<div class=\"elementor-column elementor-col-100 elementor-top-column elementor-element elementor-element-7948d49d\" data-id=\"7948d49d\" data-element_type=\"column\" data-e-type=\"column\">\n\t\t\t<div class=\"elementor-widget-wrap\">\n\t\t\t\t\t\t\t<\/div>\n\t\t<\/div>\n\t\t\t\t\t<\/div>\n\t\t<\/section>\n\t\t\t\t<section class=\"elementor-section elementor-top-section elementor-element elementor-element-2f94aafe elementor-section-content-middle envato-kit-141-top-0 elementor-section-boxed elementor-section-height-default elementor-section-height-default\" data-id=\"2f94aafe\" data-element_type=\"section\" data-e-type=\"section\" data-settings=\"{&quot;background_background&quot;:&quot;classic&quot;}\">\n\t\t\t\t\t\t\t<div class=\"elementor-background-overlay\"><\/div>\n\t\t\t\t\t\t\t<div class=\"elementor-container elementor-column-gap-wide\">\n\t\t\t\t\t<div class=\"elementor-column elementor-col-100 elementor-top-column elementor-element elementor-element-62472871\" data-id=\"62472871\" data-element_type=\"column\" data-e-type=\"column\">\n\t\t\t<div class=\"elementor-widget-wrap elementor-element-populated\">\n\t\t\t\t\t\t<div class=\"elementor-element elementor-element-38340e6d elementor-invisible elementor-widget elementor-widget-heading\" data-id=\"38340e6d\" data-element_type=\"widget\" data-e-type=\"widget\" data-settings=\"{&quot;_animation&quot;:&quot;fadeIn&quot;,&quot;_animation_delay&quot;:100}\" data-widget_type=\"heading.default\">\n\t\t\t\t<div class=\"elementor-widget-container\">\n\t\t\t\t\t<h1 class=\"elementor-heading-title elementor-size-default\">\u00dcber uns<\/h1>\t\t\t\t<\/div>\n\t\t\t\t<\/div>\n\t\t\t\t<div class=\"elementor-element elementor-element-733fdfa9 elementor-widget-divider--view-line elementor-invisible elementor-widget elementor-widget-divider\" data-id=\"733fdfa9\" data-element_type=\"widget\" data-e-type=\"widget\" data-settings=\"{&quot;_animation&quot;:&quot;fadeIn&quot;,&quot;_animation_delay&quot;:300}\" data-widget_type=\"divider.default\">\n\t\t\t\t<div class=\"elementor-widget-container\">\n\t\t\t\t\t\t\t<div class=\"elementor-divider\">\n\t\t\t<span class=\"elementor-divider-separator\">\n\t\t\t\t\t\t<\/span>\n\t\t<\/div>\n\t\t\t\t\t\t<\/div>\n\t\t\t\t<\/div>\n\t\t\t\t<section class=\"elementor-section elementor-inner-section elementor-element elementor-element-30c9a36a elementor-section-boxed elementor-section-height-default elementor-section-height-default\" data-id=\"30c9a36a\" data-element_type=\"section\" data-e-type=\"section\">\n\t\t\t\t\t\t<div class=\"elementor-container elementor-column-gap-default\">\n\t\t\t\t\t<div class=\"elementor-column elementor-col-100 elementor-inner-column elementor-element elementor-element-383bde30\" data-id=\"383bde30\" data-element_type=\"column\" data-e-type=\"column\">\n\t\t\t<div class=\"elementor-widget-wrap elementor-element-populated\">\n\t\t\t\t\t\t<div class=\"elementor-element elementor-element-73f1e185 elementor-widget elementor-widget-text-editor\" data-id=\"73f1e185\" data-element_type=\"widget\" data-e-type=\"widget\" data-widget_type=\"text-editor.default\">\n\t\t\t\t<div class=\"elementor-widget-container\">\n\t\t\t\t\t\t\t\t\tDas Institut f\u00fcr Islamische Studien und Interkulturelle Zusammenarbeit ist ein gemeinn\u00fctziges wissenschaftliches Institut mit Sitz in Mannheim. Es wurde aus der B\u00fcrgerschaft gegr\u00fcndet und ist eine zivile Einrichtung. Die feierliche Er\u00f6ffnung fand zeitgleich zum 1. internationalen Symposium zum Thema \u201eSpiritualit\u00e4t in Religion und Kultur\u201c im Juni 2011 statt.<\/p>\r\n<p>Gr\u00fcndungsdirektor des IFIS&#038;IZ ist Herr Prof. Dr. H\u00fcseyin \u0130lker \u00c7\u0131nar, der seit \u00fcber 30 Jahren im Bereich der Islamischen Theologie und Wissenschaften (u. A. Koranexegese und Koranwissenschaften, Hadithwissenschaften, Islamisches Recht sowie Islamische Mystik \u2013 Sufismus) forscht und lehrt. Prof. Dr. H\u00fcseyin \u0130lker \u00c7\u0131nar ist Verfasser von zahlreichen wissenschaftlichen Abhandlungen in deutscher und t\u00fcrkischer Sprache.\t\t\t\t\t\t\t\t<\/div>\n\t\t\t\t<\/div>\n\t\t\t\t<div class=\"elementor-element elementor-element-233108e elementor-widget elementor-widget-heading\" data-id=\"233108e\" data-element_type=\"widget\" data-e-type=\"widget\" data-widget_type=\"heading.default\">\n\t\t\t\t<div class=\"elementor-widget-container\">\n\t\t\t\t\t<h2 class=\"elementor-heading-title elementor-size-default\">Hintergrund<\/h2>\t\t\t\t<\/div>\n\t\t\t\t<\/div>\n\t\t\t\t<div class=\"elementor-element elementor-element-d6ebce5 elementor-widget elementor-widget-text-editor\" data-id=\"d6ebce5\" data-element_type=\"widget\" data-e-type=\"widget\" data-widget_type=\"text-editor.default\">\n\t\t\t\t<div class=\"elementor-widget-container\">\n\t\t\t\t\t\t\t\t\t<p>Die Forschungen und Arbeiten des Instituts konzentrieren sich in den Themenbereichen der Islamischen Theologie, Islamwissenschaften, Orientalistik und der interkulturellen Zusammenarbeit. Die Zielsetzung des Institutes ist es, dem deutschen und englischen Sprachraum den Zugang zum wissenschaftlichen und geistigen Erbe des Islams zu erm\u00f6glichen. Noch immer sind elementare Werke und Quellen, die den Islam und seine Entwicklung beschreiben, unzureichend zug\u00e4nglich und erforscht.<\/p>\n\t\t\t\t\t\t\t\t<\/div>\n\t\t\t\t<\/div>\n\t\t\t\t<div class=\"elementor-element elementor-element-ea228ab elementor-widget elementor-widget-heading\" data-id=\"ea228ab\" data-element_type=\"widget\" data-e-type=\"widget\" data-widget_type=\"heading.default\">\n\t\t\t\t<div class=\"elementor-widget-container\">\n\t\t\t\t\t<h2 class=\"elementor-heading-title elementor-size-default\">Ziele<\/h2>\t\t\t\t<\/div>\n\t\t\t\t<\/div>\n\t\t\t\t<div class=\"elementor-element elementor-element-ec29e3c elementor-widget elementor-widget-text-editor\" data-id=\"ec29e3c\" data-element_type=\"widget\" data-e-type=\"widget\" data-widget_type=\"text-editor.default\">\n\t\t\t\t<div class=\"elementor-widget-container\">\n\t\t\t\t\t\t\t\t\t<p>Die Arbeit des Instituts setzt hier mit der \u00dcbersetzung und Interpretation der Schriften an. Mit einem zeitgem\u00e4\u00dfen und fortschrittlichen Ansatz will das Institut aus der Binnenperspektive heraus den Wissensschatz des Islams der hiesigen Wissenschaft und Gesellschaft n\u00e4her bringen und somit einen Beitrag f\u00fcr das gegenseitige Verst\u00e4ndnis leisten.<\/p>\n<p>Das Institut hat hierf\u00fcr eigens eine mehrsprachige und exklusive Bibliothek mit einem gegenw\u00e4rtigen B\u00fccherbestand von \u00fcber 75.000 Exemplaren mit den grundlegenden Werken des Islams in den Sprachen arabisch, deutsch, englisch, t\u00fcrkisch und franz\u00f6sisch aufgebaut (der Bibliotheksbestand wird st\u00e4ndig erweitert). Zus\u00e4tzlich stehen dem Institut mehrere Seminarr\u00e4ume, ein Sprachlabor und ein mit modernster Technik ausgestatteter Konferenzsaal mit bis zu 200 Sitzpl\u00e4tzen zur Verf\u00fcgung.<\/p>\n\t\t\t\t\t\t\t\t<\/div>\n\t\t\t\t<\/div>\n\t\t\t\t<div class=\"elementor-element elementor-element-3bbd9da elementor-widget elementor-widget-heading\" data-id=\"3bbd9da\" data-element_type=\"widget\" data-e-type=\"widget\" data-widget_type=\"heading.default\">\n\t\t\t\t<div class=\"elementor-widget-container\">\n\t\t\t\t\t<h2 class=\"elementor-heading-title elementor-size-default\">Forschung &amp; Lehre<\/h2>\t\t\t\t<\/div>\n\t\t\t\t<\/div>\n\t\t\t\t<div class=\"elementor-element elementor-element-cde7b0d elementor-widget elementor-widget-text-editor\" data-id=\"cde7b0d\" data-element_type=\"widget\" data-e-type=\"widget\" data-widget_type=\"text-editor.default\">\n\t\t\t\t<div class=\"elementor-widget-container\">\n\t\t\t\t\t\t\t\t\t<p>Die Forschungen des IFIS&#038;IZ fokussieren sich in den Themengebieten der Islamischen Theologie, Islamwissenschaften und der interkulturellen Zusammenarbeit:<\/p>\n<ul style=\"font-size: 16px; font-style: normal; font-weight: 300;\">\n<li style=\"font-size: 16px;\">Koranwissenschaften<\/li>\n<li style=\"font-size: 16px;\">Had\u012bthwissenschaft<\/li>\n<li style=\"font-size: 16px;\">Islamisches Recht<\/li>\n<li style=\"font-size: 16px;\">Islamische Mystik (Tasawwuf)<\/li>\n<li style=\"font-size: 16px;\">Islamwissenschaft und Kontextualisierung der Islamischen Theologie in Europa<\/li>\n<\/ul>\n<p>Seit Oktober 2016 bietet das IFIS&#038;IZ in der hierf\u00fcr gegr\u00fcndeten IFIS&#038;IZ al-\u0120azz\u0101l\u012b-Akademie ein klassisch-islamisches Madrasa Studium mit akademischer Perspektive im europ\u00e4ischen Kontext an. Die Initiative und Konzeption des in seiner Art einzigartigen Projektes in Deutschland, gehen auf den Gr\u00fcndungsdirektor der IFIS&#038;IZ al-\u0120azz\u0101l\u012b-Akademie, Herrn Prof. Dr. H\u00fcseyin \u0130lker \u00c7\u0131nar, zur\u00fcck. Vorbereitet wurde das zun\u00e4chst f\u00fcr vier Jahre angelegte Programm nach langj\u00e4hriger Zusammenarbeit mit international renommierten Gelehrten, Universit\u00e4tsprofessoren und Experten durch zahlreiche Beratungen und Workshops. Absolventen des vierj\u00e4hrigen Studiums werden sich im Anschluss f\u00fcr ein zus\u00e4tzliches, f\u00fcr die Lehrbefugnis (i\u01e7\u0101za) qualifizierendes Studium im Umfang von zwei Jahren bewerben k\u00f6nnen. Die Lehrveranstaltungen in den kommenden Jahren werden von der Lehre autorisierten (mu\u01e7\u0101z) und aus den eigenen Reihen der IFIS&#038;IZ al-\u0120azz\u0101l\u012b-Akademie durchgef\u00fchrt.<\/p>\n\t\t\t\t\t\t\t\t<\/div>\n\t\t\t\t<\/div>\n\t\t\t\t<div class=\"elementor-element elementor-element-33a03ce elementor-widget elementor-widget-heading\" data-id=\"33a03ce\" data-element_type=\"widget\" data-e-type=\"widget\" data-widget_type=\"heading.default\">\n\t\t\t\t<div class=\"elementor-widget-container\">\n\t\t\t\t\t<h2 class=\"elementor-heading-title elementor-size-default\">Finanzierung &amp; F\u00f6rderung<\/h2>\t\t\t\t<\/div>\n\t\t\t\t<\/div>\n\t\t\t\t<div class=\"elementor-element elementor-element-9da7e49 elementor-widget elementor-widget-text-editor\" data-id=\"9da7e49\" data-element_type=\"widget\" data-e-type=\"widget\" data-widget_type=\"text-editor.default\">\n\t\t\t\t<div class=\"elementor-widget-container\">\n\t\t\t\t\t\t\t\t\t<p>Unterst\u00fctzung erh\u00e4lt das IFIS&#038;IZ hierbei vom F\u00f6rderverein KUDEM (Kulturhaus der europ\u00e4ischen Muslime e.V.), das sich seinerseits st\u00e4rker im k\u00fcnstlerisch-kulturellen Bereich engagiert.<\/p>\n\t\t\t\t\t\t\t\t<\/div>\n\t\t\t\t<\/div>\n\t\t\t\t\t<\/div>\n\t\t<\/div>\n\t\t\t\t\t<\/div>\n\t\t<\/section>\n\t\t\t\t\t<\/div>\n\t\t<\/div>\n\t\t\t\t\t<\/div>\n\t\t<\/section>\n\t\t\t\t<\/div>\n\t\t","protected":false},"excerpt":{"rendered":"<p>\u00dcber uns Das Institut f\u00fcr Islamische Studien und Interkulturelle Zusammenarbeit ist ein gemeinn\u00fctziges wissenschaftliches Institut mit Sitz in Mannheim. Es wurde aus der B\u00fcrgerschaft gegr\u00fcndet und ist eine zivile Einrichtung. Die feierliche Er\u00f6ffnung fand zeitgleich zum 1. internationalen Symposium zum Thema \u201eSpiritualit\u00e4t in Religion und Kultur\u201c im Juni 2011 statt. Gr\u00fcndungsdirektor des IFIS&#038;IZ ist Herr [&hellip;]<\/p>\n","protected":false},"author":1,"featured_media":0,"parent":0,"menu_order":0,"comment_status":"closed","ping_status":"closed","template":"","meta":{"footnotes":""},"class_list":["post-3645","page","type-page","status-publish","hentry"],"_links":{"self":[{"href":"https:\/\/www.ifis-iz.com\/de\/wp-json\/wp\/v2\/pages\/3645","targetHints":{"allow":["GET"]}}],"collection":[{"href":"https:\/\/www.ifis-iz.com\/de\/wp-json\/wp\/v2\/pages"}],"about":[{"href":"https:\/\/www.ifis-iz.com\/de\/wp-json\/wp\/v2\/types\/page"}],"author":[{"embeddable":true,"href":"https:\/\/www.ifis-iz.com\/de\/wp-json\/wp\/v2\/users\/1"}],"replies":[{"embeddable":true,"href":"https:\/\/www.ifis-iz.com\/de\/wp-json\/wp\/v2\/comments?post=3645"}],"version-history":[{"count":0,"href":"https:\/\/www.ifis-iz.com\/de\/wp-json\/wp\/v2\/pages\/3645\/revisions"}],"wp:attachment":[{"href":"https:\/\/www.ifis-iz.com\/de\/wp-json\/wp\/v2\/media?parent=3645"}],"curies":[{"name":"wp","href":"https:\/\/api.w.org\/{rel}","templated":true}]}}